{"id":17432,"date":"2025-10-29T16:02:16","date_gmt":"2025-10-29T15:02:16","guid":{"rendered":"https:\/\/llumcoworking.com\/?post_type=product&#038;p=17432"},"modified":"2025-11-14T12:05:38","modified_gmt":"2025-11-14T11:05:38","slug":"speed-noviembre","status":"publish","type":"product","link":"https:\/\/llumcoworking.com\/en\/producto\/speed-noviembre\/","title":{"rendered":"Llum Speed Networking"},"content":{"rendered":"","protected":false},"excerpt":{"rendered":"<p>\u00bfTienes un proyecto, eres freelance o diriges una peque\u00f1a empresa? Este evento est\u00e1 pensado para ti. El <strong>pr\u00f3ximo 27 de noviembre a las 19.00\u00a0<\/strong>celebramos nuestro primer <strong>Speed Networking<\/strong>, una sesi\u00f3n din\u00e1mica en la que doce profesionales se reunir\u00e1n cara a cara para crear conexiones laborales, \u00a1t\u00fa puedes ser una de esas personas!<\/p>\n<p>Durante una hora disfrutar\u00e1s de un formato \u00e1gil y entretenido. Cada participante dispondr\u00e1 de <strong>tres minutos por encuentro<\/strong> para presentarse, conocer las necesidades del otro y detectar posibles sinergias. Entre ronda y ronda, habr\u00e1 un breve descanso para cambiar de compa\u00f1ero, reponer fuerzas y seguir creando contactos.<\/p>\n<p>Para formar parte, solo tienes que reservar tu plaza a trav\u00e9s de esta p\u00e1gina y venir con tus tarjetas, tu energ\u00eda y tus ganas de crear alianzas.<\/p>\n","protected":false},"featured_media":16723,"template":"","meta":[],"product_brand":[],"product_cat":[55],"product_tag":[],"class_list":{"0":"post-17432","1":"product","2":"type-product","3":"status-publish","4":"has-post-thumbnail","6":"product_cat-sin-categorizar","8":"first","9":"instock","10":"taxable","11":"shipping-taxable","12":"product-type-external"},"yoast_head":"<!-- This site is optimized with the Yoast SEO plugin v27.2 - https:\/\/yoast.com\/product\/yoast-seo-wordpress\/ -->\n<title>Llum Speed Networking - Llum Coworking Valencia<\/title>\n<meta name=\"robots\" content=\"index, follow, max-snippet:-1, max-image-preview:large, max-video-preview:-1\" \/>\n<link rel=\"canonical\" href=\"https:\/\/llumcoworking.com\/producto\/speed-noviembre\/\" \/>\n<meta property=\"og:locale\" content=\"en_US\" \/>\n<meta property=\"og:type\" content=\"article\" \/>\n<meta property=\"og:title\" content=\"Llum Speed Networking - Llum Coworking Valencia\" \/>\n<meta property=\"og:description\" content=\"\u00bfTienes un proyecto, eres freelance o diriges una peque\u00f1a empresa? Este evento est\u00e1 pensado para ti. El pr\u00f3ximo 27 de noviembre a las 19.00\u00a0celebramos nuestro primer Speed Networking, una sesi\u00f3n din\u00e1mica en la que doce profesionales se reunir\u00e1n cara a cara para crear conexiones laborales, \u00a1t\u00fa puedes ser una de esas personas!  Durante una hora disfrutar\u00e1s de un formato \u00e1gil y entretenido. Cada participante dispondr\u00e1 de tres minutos por encuentro para presentarse, conocer las necesidades del otro y detectar posibles sinergias. Entre ronda y ronda, habr\u00e1 un breve descanso para cambiar de compa\u00f1ero, reponer fuerzas y seguir creando contactos.  Para formar parte, solo tienes que reservar tu plaza a trav\u00e9s de esta p\u00e1gina y venir con tus tarjetas, tu energ\u00eda y tus ganas de crear alianzas.\" \/>\n<meta property=\"og:url\" content=\"https:\/\/llumcoworking.com\/producto\/speed-noviembre\/\" \/>\n<meta property=\"og:site_name\" content=\"Llum Coworking Valencia\" \/>\n<meta property=\"article:modified_time\" content=\"2025-11-14T11:05:38+00:00\" \/>\n<meta property=\"og:image\" content=\"https:\/\/llumcoworking.com\/wp-content\/uploads\/2025\/06\/Llum-25_103.jpg\" \/>\n\t<meta property=\"og:image:width\" content=\"1920\" \/>\n\t<meta property=\"og:image:height\" content=\"1280\" \/>\n\t<meta property=\"og:image:type\" content=\"image\/jpeg\" \/>\n<meta name=\"twitter:card\" content=\"summary_large_image\" \/>\n<meta name=\"twitter:label1\" content=\"Est. reading time\" \/>\n\t<meta name=\"twitter:data1\" content=\"1 minute\" \/>\n<script type=\"application\/ld+json\" class=\"yoast-schema-graph\">{\"@context\":\"https:\/\/schema.org\",\"@graph\":[{\"@type\":\"WebPage\",\"@id\":\"https:\/\/llumcoworking.com\/producto\/speed-noviembre\/\",\"url\":\"https:\/\/llumcoworking.com\/producto\/speed-noviembre\/\",\"name\":\"Llum Speed Networking - Llum Coworking Valencia\",\"isPartOf\":{\"@id\":\"https:\/\/llumcoworking.com\/#website\"},\"primaryImageOfPage\":{\"@id\":\"https:\/\/llumcoworking.com\/producto\/speed-noviembre\/#primaryimage\"},\"image\":{\"@id\":\"https:\/\/llumcoworking.com\/producto\/speed-noviembre\/#primaryimage\"},\"thumbnailUrl\":\"https:\/\/llumcoworking.com\/wp-content\/uploads\/2025\/06\/Llum-25_103.jpg\",\"datePublished\":\"2025-10-29T15:02:16+00:00\",\"dateModified\":\"2025-11-14T11:05:38+00:00\",\"breadcrumb\":{\"@id\":\"https:\/\/llumcoworking.com\/producto\/speed-noviembre\/#breadcrumb\"},\"inLanguage\":\"en-US\",\"potentialAction\":[{\"@type\":\"ReadAction\",\"target\":[\"https:\/\/llumcoworking.com\/producto\/speed-noviembre\/\"]}]},{\"@type\":\"ImageObject\",\"inLanguage\":\"en-US\",\"@id\":\"https:\/\/llumcoworking.com\/producto\/speed-noviembre\/#primaryimage\",\"url\":\"https:\/\/llumcoworking.com\/wp-content\/uploads\/2025\/06\/Llum-25_103.jpg\",\"contentUrl\":\"https:\/\/llumcoworking.com\/wp-content\/uploads\/2025\/06\/Llum-25_103.jpg\",\"width\":1920,\"height\":1280},{\"@type\":\"BreadcrumbList\",\"@id\":\"https:\/\/llumcoworking.com\/producto\/speed-noviembre\/#breadcrumb\",\"itemListElement\":[{\"@type\":\"ListItem\",\"position\":1,\"name\":\"Portada\",\"item\":\"https:\/\/llumcoworking.com\/\"},{\"@type\":\"ListItem\",\"position\":2,\"name\":\"Shop\",\"item\":\"https:\/\/llumcoworking.com\/en\/shop\/\"},{\"@type\":\"ListItem\",\"position\":3,\"name\":\"Llum Speed Networking\"}]},{\"@type\":\"WebSite\",\"@id\":\"https:\/\/llumcoworking.com\/#website\",\"url\":\"https:\/\/llumcoworking.com\/\",\"name\":\"Llum Coworking Valencia\",\"description\":\"\",\"publisher\":{\"@id\":\"https:\/\/llumcoworking.com\/#organization\"},\"potentialAction\":[{\"@type\":\"SearchAction\",\"target\":{\"@type\":\"EntryPoint\",\"urlTemplate\":\"https:\/\/llumcoworking.com\/?s={search_term_string}\"},\"query-input\":{\"@type\":\"PropertyValueSpecification\",\"valueRequired\":true,\"valueName\":\"search_term_string\"}}],\"inLanguage\":\"en-US\"},{\"@type\":\"Organization\",\"@id\":\"https:\/\/llumcoworking.com\/#organization\",\"name\":\"Llum Coworking Valencia\",\"url\":\"https:\/\/llumcoworking.com\/\",\"logo\":{\"@type\":\"ImageObject\",\"inLanguage\":\"en-US\",\"@id\":\"https:\/\/llumcoworking.com\/#\/schema\/logo\/image\/\",\"url\":\"https:\/\/llumcoworking.com\/wp-content\/uploads\/2024\/02\/logo-llum-coworking.svg\",\"contentUrl\":\"https:\/\/llumcoworking.com\/wp-content\/uploads\/2024\/02\/logo-llum-coworking.svg\",\"caption\":\"Llum Coworking Valencia\"},\"image\":{\"@id\":\"https:\/\/llumcoworking.com\/#\/schema\/logo\/image\/\"}}]}<\/script>\n<!-- \/ Yoast SEO plugin. -->","yoast_head_json":{"title":"Llum Speed Networking - Llum Coworking Valencia","robots":{"index":"index","follow":"follow","max-snippet":"max-snippet:-1","max-image-preview":"max-image-preview:large","max-video-preview":"max-video-preview:-1"},"canonical":"https:\/\/llumcoworking.com\/producto\/speed-noviembre\/","og_locale":"en_US","og_type":"article","og_title":"Llum Speed Networking - Llum Coworking Valencia","og_description":"\u00bfTienes un proyecto, eres freelance o diriges una peque\u00f1a empresa? Este evento est\u00e1 pensado para ti. El pr\u00f3ximo 27 de noviembre a las 19.00\u00a0celebramos nuestro primer Speed Networking, una sesi\u00f3n din\u00e1mica en la que doce profesionales se reunir\u00e1n cara a cara para crear conexiones laborales, \u00a1t\u00fa puedes ser una de esas personas!  Durante una hora disfrutar\u00e1s de un formato \u00e1gil y entretenido. Cada participante dispondr\u00e1 de tres minutos por encuentro para presentarse, conocer las necesidades del otro y detectar posibles sinergias. Entre ronda y ronda, habr\u00e1 un breve descanso para cambiar de compa\u00f1ero, reponer fuerzas y seguir creando contactos.  Para formar parte, solo tienes que reservar tu plaza a trav\u00e9s de esta p\u00e1gina y venir con tus tarjetas, tu energ\u00eda y tus ganas de crear alianzas.","og_url":"https:\/\/llumcoworking.com\/producto\/speed-noviembre\/","og_site_name":"Llum Coworking Valencia","article_modified_time":"2025-11-14T11:05:38+00:00","og_image":[{"width":1920,"height":1280,"url":"https:\/\/llumcoworking.com\/wp-content\/uploads\/2025\/06\/Llum-25_103.jpg","type":"image\/jpeg"}],"twitter_card":"summary_large_image","twitter_misc":{"Est. reading time":"1 minute"},"schema":{"@context":"https:\/\/schema.org","@graph":[{"@type":"WebPage","@id":"https:\/\/llumcoworking.com\/producto\/speed-noviembre\/","url":"https:\/\/llumcoworking.com\/producto\/speed-noviembre\/","name":"Llum Speed Networking - Llum Coworking Valencia","isPartOf":{"@id":"https:\/\/llumcoworking.com\/#website"},"primaryImageOfPage":{"@id":"https:\/\/llumcoworking.com\/producto\/speed-noviembre\/#primaryimage"},"image":{"@id":"https:\/\/llumcoworking.com\/producto\/speed-noviembre\/#primaryimage"},"thumbnailUrl":"https:\/\/llumcoworking.com\/wp-content\/uploads\/2025\/06\/Llum-25_103.jpg","datePublished":"2025-10-29T15:02:16+00:00","dateModified":"2025-11-14T11:05:38+00:00","breadcrumb":{"@id":"https:\/\/llumcoworking.com\/producto\/speed-noviembre\/#breadcrumb"},"inLanguage":"en-US","potentialAction":[{"@type":"ReadAction","target":["https:\/\/llumcoworking.com\/producto\/speed-noviembre\/"]}]},{"@type":"ImageObject","inLanguage":"en-US","@id":"https:\/\/llumcoworking.com\/producto\/speed-noviembre\/#primaryimage","url":"https:\/\/llumcoworking.com\/wp-content\/uploads\/2025\/06\/Llum-25_103.jpg","contentUrl":"https:\/\/llumcoworking.com\/wp-content\/uploads\/2025\/06\/Llum-25_103.jpg","width":1920,"height":1280},{"@type":"BreadcrumbList","@id":"https:\/\/llumcoworking.com\/producto\/speed-noviembre\/#breadcrumb","itemListElement":[{"@type":"ListItem","position":1,"name":"Portada","item":"https:\/\/llumcoworking.com\/"},{"@type":"ListItem","position":2,"name":"Shop","item":"https:\/\/llumcoworking.com\/en\/shop\/"},{"@type":"ListItem","position":3,"name":"Llum Speed Networking"}]},{"@type":"WebSite","@id":"https:\/\/llumcoworking.com\/#website","url":"https:\/\/llumcoworking.com\/","name":"Llum Coworking Valencia","description":"","publisher":{"@id":"https:\/\/llumcoworking.com\/#organization"},"potentialAction":[{"@type":"SearchAction","target":{"@type":"EntryPoint","urlTemplate":"https:\/\/llumcoworking.com\/?s={search_term_string}"},"query-input":{"@type":"PropertyValueSpecification","valueRequired":true,"valueName":"search_term_string"}}],"inLanguage":"en-US"},{"@type":"Organization","@id":"https:\/\/llumcoworking.com\/#organization","name":"Llum Coworking Valencia","url":"https:\/\/llumcoworking.com\/","logo":{"@type":"ImageObject","inLanguage":"en-US","@id":"https:\/\/llumcoworking.com\/#\/schema\/logo\/image\/","url":"https:\/\/llumcoworking.com\/wp-content\/uploads\/2024\/02\/logo-llum-coworking.svg","contentUrl":"https:\/\/llumcoworking.com\/wp-content\/uploads\/2024\/02\/logo-llum-coworking.svg","caption":"Llum Coworking Valencia"},"image":{"@id":"https:\/\/llumcoworking.com\/#\/schema\/logo\/image\/"}}]}},"_links":{"self":[{"href":"https:\/\/llumcoworking.com\/en\/wp-json\/wp\/v2\/product\/17432","targetHints":{"allow":["GET"]}}],"collection":[{"href":"https:\/\/llumcoworking.com\/en\/wp-json\/wp\/v2\/product"}],"about":[{"href":"https:\/\/llumcoworking.com\/en\/wp-json\/wp\/v2\/types\/product"}],"wp:featuredmedia":[{"embeddable":true,"href":"https:\/\/llumcoworking.com\/en\/wp-json\/wp\/v2\/media\/16723"}],"wp:attachment":[{"href":"https:\/\/llumcoworking.com\/en\/wp-json\/wp\/v2\/media?parent=17432"}],"wp:term":[{"taxonomy":"product_brand","embeddable":true,"href":"https:\/\/llumcoworking.com\/en\/wp-json\/wp\/v2\/product_brand?post=17432"},{"taxonomy":"product_cat","embeddable":true,"href":"https:\/\/llumcoworking.com\/en\/wp-json\/wp\/v2\/product_cat?post=17432"},{"taxonomy":"product_tag","embeddable":true,"href":"https:\/\/llumcoworking.com\/en\/wp-json\/wp\/v2\/product_tag?post=17432"}],"curies":[{"name":"wp","href":"https:\/\/api.w.org\/{rel}","templated":true}]}}