{"id":10762,"date":"2024-02-16T14:47:36","date_gmt":"2024-02-16T13:47:36","guid":{"rendered":"https:\/\/llumcoworking.com\/bureau-virtuel\/"},"modified":"2024-04-11T15:11:35","modified_gmt":"2024-04-11T15:11:35","slug":"bureau-virtuel","status":"publish","type":"page","link":"https:\/\/llumcoworking.com\/fr\/bureau-virtuel\/","title":{"rendered":"Bureau virtuel"},"content":{"rendered":"\t\t<div data-elementor-type=\"wp-page\" data-elementor-id=\"10762\" class=\"elementor elementor-10762 elementor-53\" data-elementor-post-type=\"page\">\n\t\t\t\t<div class=\"elementor-element elementor-element-08f12b7 e-con-full e-flex e-con e-parent\" data-id=\"08f12b7\" data-element_type=\"container\" data-e-type=\"container\">\n\t\t<div class=\"elementor-element elementor-element-8efc35e e-con-full e-flex e-con e-child\" data-id=\"8efc35e\" data-element_type=\"container\" data-e-type=\"container\">\n\t\t\t\t<div class=\"elementor-element elementor-element-3c8ab97 elementor-widget elementor-widget-heading\" data-id=\"3c8ab97\" data-element_type=\"widget\" data-e-type=\"widget\" data-widget_type=\"heading.default\">\n\t\t\t\t<div class=\"elementor-widget-container\">\n\t\t\t\t\t<h1 class=\"elementor-heading-title elementor-size-default\">Domiciliation fiscale de l'entreprise<\/h1>\t\t\t\t<\/div>\n\t\t\t\t<\/div>\n\t\t\t\t<div class=\"elementor-element elementor-element-eecf74b elementor-widget__width-inherit elementor-widget-mobile__width-inherit elementor-widget elementor-widget-heading\" data-id=\"eecf74b\" data-element_type=\"widget\" data-e-type=\"widget\" data-widget_type=\"heading.default\">\n\t\t\t\t<div class=\"elementor-widget-container\">\n\t\t\t\t\t<div class=\"elementor-heading-title elementor-size-default\"><b>Bureau Virtuel \u00e0 Valence<\/b>\nBureau virtuel \u00e0 Valence Travaillez o\u00f9 vous voulez... Vos clients n'ont pas besoin de le savoir.<\/div>\t\t\t\t<\/div>\n\t\t\t\t<\/div>\n\t\t\t\t<div class=\"elementor-element elementor-element-ea2b0d7 elementor-widget elementor-widget-text-editor\" data-id=\"ea2b0d7\" data-element_type=\"widget\" data-e-type=\"widget\" data-widget_type=\"text-editor.default\">\n\t\t\t\t<div class=\"elementor-widget-container\">\n\t\t\t\t\t\t\t\t\t<p>Avouez que ce n&rsquo;est pas la m\u00eame chose que votre entreprise se trouve dans une rue perdue que dans le centre de Valence. Ce sont ces d\u00e9tails qui non seulement vous donnent du cachet aux yeux de vos clients, mais qui vous ouvrent \u00e9galement un monde de possibilit\u00e9s. Gr\u00e2ce \u00e0 notre bureau virtuel, vous pouvez d\u00e9sormais travailler depuis votre village, la Jama\u00efque, Gondor ou King&rsquo;s Landing, et votre adresse fiscale sera toujours ici, \u00e0 Llum Coworking. <\/p>\n\t\t\t\t\t\t\t\t<\/div>\n\t\t\t\t<\/div>\n\t\t\t\t<div class=\"elementor-element elementor-element-6e8e9c1 elementor-widget elementor-widget-button\" data-id=\"6e8e9c1\" data-element_type=\"widget\" data-e-type=\"widget\" data-widget_type=\"button.default\">\n\t\t\t\t<div class=\"elementor-widget-container\">\n\t\t\t\t\t\t\t\t\t<div class=\"elementor-button-wrapper\">\n\t\t\t\t\t<a class=\"elementor-button elementor-button-link elementor-size-sm\" href=\"https:\/\/llumcoworking.com\/fr\/contact\/\">\n\t\t\t\t\t\t<span class=\"elementor-button-content-wrapper\">\n\t\t\t\t\t\t\t\t\t<span class=\"elementor-button-text\">Pour plus d'informations<\/span>\n\t\t\t\t\t<\/span>\n\t\t\t\t\t<\/a>\n\t\t\t\t<\/div>\n\t\t\t\t\t\t\t\t<\/div>\n\t\t\t\t<\/div>\n\t\t\t\t<\/div>\n\t\t\t\t<div class=\"elementor-element elementor-element-c02bf7c premium-lottie-svg elementor-widget elementor-widget-premium-lottie\" data-id=\"c02bf7c\" data-element_type=\"widget\" data-e-type=\"widget\" data-settings=\"{&quot;lottie_file&quot;:{&quot;url&quot;:&quot;https:\\\/\\\/llumcoworking.com\\\/wp-content\\\/uploads\\\/2024\\\/03\\\/Flow-4.json&quot;,&quot;id&quot;:10625,&quot;size&quot;:&quot;&quot;,&quot;alt&quot;:&quot;&quot;,&quot;source&quot;:&quot;library&quot;}}\" data-widget_type=\"premium-lottie.default\">\n\t\t\t\t<div class=\"elementor-widget-container\">\n\t\t\t\t\t\r\n\t\t<div class=\"premium-lottie-animation\" data-lottie-url=\"https:\/\/llumcoworking.com\/wp-content\/uploads\/2024\/03\/Flow-4.json\" data-lottie-loop=\"true\" data-lottie-reverse=\"\" data-lottie-hover=\"\" data-lottie-speed=\"0.1\" data-lottie-render=\"svg\" data-lottie-delay=\"\">\r\n\t\t\t\t\t<\/div>\r\n\r\n\t\t\t\t\t\t<\/div>\n\t\t\t\t<\/div>\n\t\t\t\t<\/div>\n\t\t<div class=\"elementor-element elementor-element-c48e191 e-con-full e-flex e-con e-parent\" data-id=\"c48e191\" data-element_type=\"container\" data-e-type=\"container\">\n\t\t<div class=\"elementor-element elementor-element-31834d1 e-con-full animated-slow e-flex elementor-invisible e-con e-child\" data-id=\"31834d1\" data-element_type=\"container\" data-e-type=\"container\" data-settings=\"{&quot;animation&quot;:&quot;fadeIn&quot;}\">\n\t\t\t\t<div class=\"elementor-element elementor-element-86171ce elementor-widget elementor-widget-heading\" data-id=\"86171ce\" data-element_type=\"widget\" data-e-type=\"widget\" data-widget_type=\"heading.default\">\n\t\t\t\t<div class=\"elementor-widget-container\">\n\t\t\t\t\t<div class=\"elementor-heading-title elementor-size-default\">Mensuel<\/div>\t\t\t\t<\/div>\n\t\t\t\t<\/div>\n\t\t\t\t<div class=\"elementor-element elementor-element-c34fa8e elementor-widget elementor-widget-heading\" data-id=\"c34fa8e\" data-element_type=\"widget\" data-e-type=\"widget\" data-widget_type=\"heading.default\">\n\t\t\t\t<div class=\"elementor-widget-container\">\n\t\t\t\t\t<div class=\"elementor-heading-title elementor-size-default\">45\u20ac + IVA<\/div>\t\t\t\t<\/div>\n\t\t\t\t<\/div>\n\t\t\t\t<\/div>\n\t\t<div class=\"elementor-element elementor-element-5e9ea72 e-con-full animated-slow e-flex elementor-invisible e-con e-child\" data-id=\"5e9ea72\" data-element_type=\"container\" data-e-type=\"container\" data-settings=\"{&quot;animation&quot;:&quot;fadeIn&quot;}\">\n\t\t\t\t<div class=\"elementor-element elementor-element-1753c65 elementor-widget elementor-widget-heading\" data-id=\"1753c65\" data-element_type=\"widget\" data-e-type=\"widget\" data-widget_type=\"heading.default\">\n\t\t\t\t<div class=\"elementor-widget-container\">\n\t\t\t\t\t<div class=\"elementor-heading-title elementor-size-default\">Trimestriel<\/div>\t\t\t\t<\/div>\n\t\t\t\t<\/div>\n\t\t\t\t<div class=\"elementor-element elementor-element-3d2770e elementor-widget elementor-widget-heading\" data-id=\"3d2770e\" data-element_type=\"widget\" data-e-type=\"widget\" data-widget_type=\"heading.default\">\n\t\t\t\t<div class=\"elementor-widget-container\">\n\t\t\t\t\t<div class=\"elementor-heading-title elementor-size-default\">120\u20ac + IVA<\/div>\t\t\t\t<\/div>\n\t\t\t\t<\/div>\n\t\t\t\t<\/div>\n\t\t<div class=\"elementor-element elementor-element-9a7a940 e-con-full animated-slow e-flex elementor-invisible e-con e-child\" data-id=\"9a7a940\" data-element_type=\"container\" data-e-type=\"container\" data-settings=\"{&quot;animation&quot;:&quot;fadeIn&quot;}\">\n\t\t\t\t<div class=\"elementor-element elementor-element-ba581c2 elementor-widget elementor-widget-heading\" data-id=\"ba581c2\" data-element_type=\"widget\" data-e-type=\"widget\" data-widget_type=\"heading.default\">\n\t\t\t\t<div class=\"elementor-widget-container\">\n\t\t\t\t\t<div class=\"elementor-heading-title elementor-size-default\">Semestriel<\/div>\t\t\t\t<\/div>\n\t\t\t\t<\/div>\n\t\t\t\t<div class=\"elementor-element elementor-element-9c462d7 elementor-widget elementor-widget-heading\" data-id=\"9c462d7\" data-element_type=\"widget\" data-e-type=\"widget\" data-widget_type=\"heading.default\">\n\t\t\t\t<div class=\"elementor-widget-container\">\n\t\t\t\t\t<div class=\"elementor-heading-title elementor-size-default\">230\u20ac + IVA<\/div>\t\t\t\t<\/div>\n\t\t\t\t<\/div>\n\t\t\t\t<\/div>\n\t\t<div class=\"elementor-element elementor-element-32e7b14 e-con-full animated-slow e-flex elementor-invisible e-con e-child\" data-id=\"32e7b14\" data-element_type=\"container\" data-e-type=\"container\" data-settings=\"{&quot;animation&quot;:&quot;fadeIn&quot;}\">\n\t\t\t\t<div class=\"elementor-element elementor-element-bdd89e9 elementor-widget elementor-widget-heading\" data-id=\"bdd89e9\" data-element_type=\"widget\" data-e-type=\"widget\" data-widget_type=\"heading.default\">\n\t\t\t\t<div class=\"elementor-widget-container\">\n\t\t\t\t\t<div class=\"elementor-heading-title elementor-size-default\">Annuel<\/div>\t\t\t\t<\/div>\n\t\t\t\t<\/div>\n\t\t\t\t<div class=\"elementor-element elementor-element-a374405 elementor-widget elementor-widget-heading\" data-id=\"a374405\" data-element_type=\"widget\" data-e-type=\"widget\" data-widget_type=\"heading.default\">\n\t\t\t\t<div class=\"elementor-widget-container\">\n\t\t\t\t\t<div class=\"elementor-heading-title elementor-size-default\">450\u20ac + IVA<\/div>\t\t\t\t<\/div>\n\t\t\t\t<\/div>\n\t\t\t\t<\/div>\n\t\t\t\t<\/div>\n\t\t<div class=\"elementor-element elementor-element-d790e60 e-con-full e-flex e-con e-parent\" data-id=\"d790e60\" data-element_type=\"container\" data-e-type=\"container\" data-settings=\"{&quot;background_background&quot;:&quot;classic&quot;}\">\n\t\t\t\t<div class=\"elementor-element elementor-element-e2d9218 elementor-widget__width-initial elementor-widget-divider--view-line elementor-invisible elementor-widget elementor-widget-divider\" data-id=\"e2d9218\" data-element_type=\"widget\" data-e-type=\"widget\" data-settings=\"{&quot;_animation&quot;:&quot;fadeInLeft&quot;}\" data-widget_type=\"divider.default\">\n\t\t\t\t<div class=\"elementor-widget-container\">\n\t\t\t\t\t\t\t<div class=\"elementor-divider\">\n\t\t\t<span class=\"elementor-divider-separator\">\n\t\t\t\t\t\t<\/span>\n\t\t<\/div>\n\t\t\t\t\t\t<\/div>\n\t\t\t\t<\/div>\n\t\t\t\t<div class=\"elementor-element elementor-element-af7d1f3 elementor-widget-mobile__width-initial animated-slow elementor-invisible elementor-widget elementor-widget-heading\" data-id=\"af7d1f3\" data-element_type=\"widget\" data-e-type=\"widget\" data-settings=\"{&quot;_animation&quot;:&quot;fadeIn&quot;}\" data-widget_type=\"heading.default\">\n\t\t\t\t<div class=\"elementor-widget-container\">\n\t\t\t\t\t<p class=\"elementor-heading-title elementor-size-default\">Vous pourriez \u00e9galement \u00eatre int\u00e9ress\u00e9 par<\/p>\t\t\t\t<\/div>\n\t\t\t\t<\/div>\n\t\t<div class=\"elementor-element elementor-element-be3f65e e-flex e-con-boxed e-con e-child\" data-id=\"be3f65e\" data-element_type=\"container\" data-e-type=\"container\">\n\t\t\t\t\t<div class=\"e-con-inner\">\n\t\t\t\t<div class=\"elementor-element elementor-element-1cf9b61 elementor-widget elementor-widget-html\" data-id=\"1cf9b61\" data-element_type=\"widget\" data-e-type=\"widget\" data-widget_type=\"html.default\">\n\t\t\t\t<div class=\"elementor-widget-container\">\n\t\t\t\t\t<script>document.addEventListener(\"DOMContentLoaded\", function() {\n    var contenedor = document.getElementById(\"contenedor\");\n    var encabezado = document.getElementById(\"encabezado\");\n\n    encabezado.addEventListener(\"mouseenter\", function() {\n        contenedor.style.backgroundColor = \"#FFFFFF\"; \/\/ Cambia el fondo del contenedor a blanco\n    });\n\n    encabezado.addEventListener(\"mouseleave\", function() {\n        contenedor.style.backgroundColor = \"#000000\"; \/\/ Restaura el color de fondo del contenedor al color inicial\n    });\n});\n<\/script><script>document.addEventListener(\"DOMContentLoaded\", function() {\n    var contenedor2 = document.getElementById(\"contenedor2\");\n    var encabezado = document.getElementById(\"header2\");\n\n    header2.addEventListener(\"mouseenter\", function() {\n        contenedor2.style.backgroundColor = \"#3D3D3D\"; \/\/ Cambia el fondo del contenedor a blanco\n    });\n\n    header2.addEventListener(\"mouseleave\", function() {\n        contenedor2.style.backgroundColor = \"#E7BE4C\"; \/\/ Restaura el color de fondo del contenedor al color inicial\n    });\n});\n<\/script>\t\t\t\t<\/div>\n\t\t\t\t<\/div>\n\t\t\t\t\t<\/div>\n\t\t\t\t<\/div>\n\t\t\t\t<\/div>\n\t\t<div class=\"elementor-element elementor-element-f5e73e7 e-flex e-con-boxed e-con e-parent\" data-id=\"f5e73e7\" data-element_type=\"container\" data-e-type=\"container\" data-settings=\"{&quot;background_background&quot;:&quot;classic&quot;}\">\n\t\t\t\t\t<div class=\"e-con-inner\">\n\t\t<div class=\"elementor-element elementor-element-f3a4d53 e-con-full contenedor2 e-flex e-con e-child\" data-id=\"f3a4d53\" data-element_type=\"container\" data-e-type=\"container\" data-settings=\"{&quot;background_background&quot;:&quot;classic&quot;}\">\n\t\t\t\t<div class=\"elementor-element elementor-element-4e0534b elementor-widget__width-initial elementor-widget-mobile__width-initial elementor-widget elementor-widget-heading\" data-id=\"4e0534b\" data-element_type=\"widget\" data-e-type=\"widget\" data-widget_type=\"heading.default\">\n\t\t\t\t<div class=\"elementor-widget-container\">\n\t\t\t\t\t<div class=\"elementor-heading-title elementor-size-default\">01\/<\/div>\t\t\t\t<\/div>\n\t\t\t\t<\/div>\n\t\t\t\t<div class=\"elementor-element elementor-element-f482d89 elementor-widget__width-inherit header elementor-widget-mobile__width-initial elementor-widget elementor-widget-heading\" data-id=\"f482d89\" data-element_type=\"widget\" data-e-type=\"widget\" data-widget_type=\"heading.default\">\n\t\t\t\t<div class=\"elementor-widget-container\">\n\t\t\t\t\t<div class=\"elementor-heading-title elementor-size-default\"><a href=\"https:\/\/llumcoworking.com\/salas-reuniones-valencia\/\">Salles de r\u00e9union<\/a><\/div>\t\t\t\t<\/div>\n\t\t\t\t<\/div>\n\t\t\t\t<\/div>\n\t\t<div class=\"elementor-element elementor-element-5497dbd e-con-full contenedor e-flex e-con e-child\" data-id=\"5497dbd\" data-element_type=\"container\" data-e-type=\"container\" data-settings=\"{&quot;background_background&quot;:&quot;classic&quot;}\">\n\t\t\t\t<div class=\"elementor-element elementor-element-24a5310 elementor-widget__width-initial elementor-widget-mobile__width-initial elementor-widget elementor-widget-heading\" data-id=\"24a5310\" data-element_type=\"widget\" data-e-type=\"widget\" data-widget_type=\"heading.default\">\n\t\t\t\t<div class=\"elementor-widget-container\">\n\t\t\t\t\t<div class=\"elementor-heading-title elementor-size-default\">02\/<\/div>\t\t\t\t<\/div>\n\t\t\t\t<\/div>\n\t\t\t\t<div class=\"elementor-element elementor-element-ce3f0d7 elementor-widget__width-inherit header elementor-widget-mobile__width-initial elementor-widget elementor-widget-heading\" data-id=\"ce3f0d7\" data-element_type=\"widget\" data-e-type=\"widget\" data-widget_type=\"heading.default\">\n\t\t\t\t<div class=\"elementor-widget-container\">\n\t\t\t\t\t<div class=\"elementor-heading-title elementor-size-default\"><a href=\"https:\/\/llumcoworking.com\/oficina-virtual\/\">Bureau virtuel<\/a><\/div>\t\t\t\t<\/div>\n\t\t\t\t<\/div>\n\t\t\t\t<\/div>\n\t\t<div class=\"elementor-element elementor-element-327cd7b e-con-full contenedor e-flex e-con e-child\" data-id=\"327cd7b\" data-element_type=\"container\" data-e-type=\"container\" data-settings=\"{&quot;background_background&quot;:&quot;classic&quot;}\">\n\t\t\t\t<div class=\"elementor-element elementor-element-65e9073 elementor-widget__width-initial elementor-widget-mobile__width-initial elementor-widget elementor-widget-heading\" data-id=\"65e9073\" data-element_type=\"widget\" data-e-type=\"widget\" data-widget_type=\"heading.default\">\n\t\t\t\t<div class=\"elementor-widget-container\">\n\t\t\t\t\t<div class=\"elementor-heading-title elementor-size-default\">03\/<\/div>\t\t\t\t<\/div>\n\t\t\t\t<\/div>\n\t\t\t\t<div class=\"elementor-element elementor-element-1b34f29 elementor-widget__width-inherit header elementor-widget-mobile__width-initial elementor-widget elementor-widget-heading\" data-id=\"1b34f29\" data-element_type=\"widget\" data-e-type=\"widget\" data-widget_type=\"heading.default\">\n\t\t\t\t<div class=\"elementor-widget-container\">\n\t\t\t\t\t<div class=\"elementor-heading-title elementor-size-default\"><a href=\"https:\/\/llumcoworking.com\/puestos-fijos-coworking-valencia\/\">Postes fixes<\/a><\/div>\t\t\t\t<\/div>\n\t\t\t\t<\/div>\n\t\t\t\t<\/div>\n\t\t<div class=\"elementor-element elementor-element-8ca1510 e-con-full contenedor e-flex e-con e-child\" data-id=\"8ca1510\" data-element_type=\"container\" data-e-type=\"container\" data-settings=\"{&quot;background_background&quot;:&quot;classic&quot;}\">\n\t\t\t\t<div class=\"elementor-element elementor-element-45a7cad elementor-widget__width-initial elementor-widget-mobile__width-initial elementor-widget elementor-widget-heading\" data-id=\"45a7cad\" data-element_type=\"widget\" data-e-type=\"widget\" data-widget_type=\"heading.default\">\n\t\t\t\t<div class=\"elementor-widget-container\">\n\t\t\t\t\t<div class=\"elementor-heading-title elementor-size-default\">04\/<\/div>\t\t\t\t<\/div>\n\t\t\t\t<\/div>\n\t\t\t\t<div class=\"elementor-element elementor-element-2801dfc elementor-widget__width-inherit header elementor-widget-mobile__width-initial elementor-widget elementor-widget-heading\" data-id=\"2801dfc\" data-element_type=\"widget\" data-e-type=\"widget\" data-widget_type=\"heading.default\">\n\t\t\t\t<div class=\"elementor-widget-container\">\n\t\t\t\t\t<div class=\"elementor-heading-title elementor-size-default\"><a href=\"https:\/\/llumcoworking.com\/coworking-por-horas-valencia\/\">Coworking \u00e0 l'heure<\/a><\/div>\t\t\t\t<\/div>\n\t\t\t\t<\/div>\n\t\t\t\t<\/div>\n\t\t\t\t\t<\/div>\n\t\t\t\t<\/div>\n\t\t\t\t<\/div>\n\t\t","protected":false},"excerpt":{"rendered":"<p>Domiciliation fiscale de l&rsquo;entreprise Bureau Virtuel \u00e0 Valence Bureau virtuel \u00e0 Valence Travaillez o\u00f9 vous voulez&#8230; Vos clients n&rsquo;ont pas besoin de le savoir. Avouez que ce n&rsquo;est pas la m\u00eame chose que votre entreprise se trouve dans une rue perdue que dans le centre de Valence. Ce sont ces d\u00e9tails qui non seulement vous [&hellip;]<\/p>\n","protected":false},"author":1,"featured_media":0,"parent":0,"menu_order":0,"comment_status":"closed","ping_status":"closed","template":"elementor_header_footer","meta":{"footnotes":""},"class_list":["post-10762","page","type-page","status-publish","hentry"],"yoast_head":"<!-- This site is optimized with the Yoast SEO plugin v27.2 - https:\/\/yoast.com\/product\/yoast-seo-wordpress\/ -->\n<title>Bureau virtuel - Llum Coworking Valencia<\/title>\n<meta name=\"robots\" content=\"index, follow, max-snippet:-1, max-image-preview:large, max-video-preview:-1\" \/>\n<link rel=\"canonical\" href=\"https:\/\/llumcoworking.com\/fr\/bureau-virtuel\/\" \/>\n<meta property=\"og:locale\" content=\"fr_FR\" \/>\n<meta property=\"og:type\" content=\"article\" \/>\n<meta property=\"og:title\" content=\"Bureau virtuel - Llum Coworking Valencia\" \/>\n<meta property=\"og:description\" content=\"Domiciliation fiscale de l&rsquo;entreprise Bureau Virtuel \u00e0 Valence Bureau virtuel \u00e0 Valence Travaillez o\u00f9 vous voulez&#8230; Vos clients n&rsquo;ont pas besoin de le savoir. Avouez que ce n&rsquo;est pas la m\u00eame chose que votre entreprise se trouve dans une rue perdue que dans le centre de Valence. Ce sont ces d\u00e9tails qui non seulement vous [&hellip;]\" \/>\n<meta property=\"og:url\" content=\"https:\/\/llumcoworking.com\/fr\/bureau-virtuel\/\" \/>\n<meta property=\"og:site_name\" content=\"Llum Coworking Valencia\" \/>\n<meta property=\"article:modified_time\" content=\"2024-04-11T15:11:35+00:00\" \/>\n<meta name=\"twitter:card\" content=\"summary_large_image\" \/>\n<meta name=\"twitter:label1\" content=\"Dur\u00e9e de lecture estim\u00e9e\" \/>\n\t<meta name=\"twitter:data1\" content=\"1 minute\" \/>\n<script type=\"application\/ld+json\" class=\"yoast-schema-graph\">{\"@context\":\"https:\/\/schema.org\",\"@graph\":[{\"@type\":\"WebPage\",\"@id\":\"https:\/\/llumcoworking.com\/fr\/bureau-virtuel\/\",\"url\":\"https:\/\/llumcoworking.com\/fr\/bureau-virtuel\/\",\"name\":\"Bureau virtuel - Llum Coworking Valencia\",\"isPartOf\":{\"@id\":\"https:\/\/llumcoworking.com\/#website\"},\"datePublished\":\"2024-02-16T13:47:36+00:00\",\"dateModified\":\"2024-04-11T15:11:35+00:00\",\"breadcrumb\":{\"@id\":\"https:\/\/llumcoworking.com\/fr\/bureau-virtuel\/#breadcrumb\"},\"inLanguage\":\"fr-FR\",\"potentialAction\":[{\"@type\":\"ReadAction\",\"target\":[\"https:\/\/llumcoworking.com\/fr\/bureau-virtuel\/\"]}]},{\"@type\":\"BreadcrumbList\",\"@id\":\"https:\/\/llumcoworking.com\/fr\/bureau-virtuel\/#breadcrumb\",\"itemListElement\":[{\"@type\":\"ListItem\",\"position\":1,\"name\":\"Portada\",\"item\":\"https:\/\/llumcoworking.com\/\"},{\"@type\":\"ListItem\",\"position\":2,\"name\":\"Bureau virtuel\"}]},{\"@type\":\"WebSite\",\"@id\":\"https:\/\/llumcoworking.com\/#website\",\"url\":\"https:\/\/llumcoworking.com\/\",\"name\":\"Llum Coworking Valencia\",\"description\":\"\",\"potentialAction\":[{\"@type\":\"SearchAction\",\"target\":{\"@type\":\"EntryPoint\",\"urlTemplate\":\"https:\/\/llumcoworking.com\/?s={search_term_string}\"},\"query-input\":{\"@type\":\"PropertyValueSpecification\",\"valueRequired\":true,\"valueName\":\"search_term_string\"}}],\"inLanguage\":\"fr-FR\"}]}<\/script>\n<!-- \/ Yoast SEO plugin. -->","yoast_head_json":{"title":"Bureau virtuel - Llum Coworking Valencia","robots":{"index":"index","follow":"follow","max-snippet":"max-snippet:-1","max-image-preview":"max-image-preview:large","max-video-preview":"max-video-preview:-1"},"canonical":"https:\/\/llumcoworking.com\/fr\/bureau-virtuel\/","og_locale":"fr_FR","og_type":"article","og_title":"Bureau virtuel - Llum Coworking Valencia","og_description":"Domiciliation fiscale de l&rsquo;entreprise Bureau Virtuel \u00e0 Valence Bureau virtuel \u00e0 Valence Travaillez o\u00f9 vous voulez&#8230; Vos clients n&rsquo;ont pas besoin de le savoir. Avouez que ce n&rsquo;est pas la m\u00eame chose que votre entreprise se trouve dans une rue perdue que dans le centre de Valence. Ce sont ces d\u00e9tails qui non seulement vous [&hellip;]","og_url":"https:\/\/llumcoworking.com\/fr\/bureau-virtuel\/","og_site_name":"Llum Coworking Valencia","article_modified_time":"2024-04-11T15:11:35+00:00","twitter_card":"summary_large_image","twitter_misc":{"Dur\u00e9e de lecture estim\u00e9e":"1 minute"},"schema":{"@context":"https:\/\/schema.org","@graph":[{"@type":"WebPage","@id":"https:\/\/llumcoworking.com\/fr\/bureau-virtuel\/","url":"https:\/\/llumcoworking.com\/fr\/bureau-virtuel\/","name":"Bureau virtuel - Llum Coworking Valencia","isPartOf":{"@id":"https:\/\/llumcoworking.com\/#website"},"datePublished":"2024-02-16T13:47:36+00:00","dateModified":"2024-04-11T15:11:35+00:00","breadcrumb":{"@id":"https:\/\/llumcoworking.com\/fr\/bureau-virtuel\/#breadcrumb"},"inLanguage":"fr-FR","potentialAction":[{"@type":"ReadAction","target":["https:\/\/llumcoworking.com\/fr\/bureau-virtuel\/"]}]},{"@type":"BreadcrumbList","@id":"https:\/\/llumcoworking.com\/fr\/bureau-virtuel\/#breadcrumb","itemListElement":[{"@type":"ListItem","position":1,"name":"Portada","item":"https:\/\/llumcoworking.com\/"},{"@type":"ListItem","position":2,"name":"Bureau virtuel"}]},{"@type":"WebSite","@id":"https:\/\/llumcoworking.com\/#website","url":"https:\/\/llumcoworking.com\/","name":"Llum Coworking Valencia","description":"","potentialAction":[{"@type":"SearchAction","target":{"@type":"EntryPoint","urlTemplate":"https:\/\/llumcoworking.com\/?s={search_term_string}"},"query-input":{"@type":"PropertyValueSpecification","valueRequired":true,"valueName":"search_term_string"}}],"inLanguage":"fr-FR"}]}},"_links":{"self":[{"href":"https:\/\/llumcoworking.com\/fr\/wp-json\/wp\/v2\/pages\/10762","targetHints":{"allow":["GET"]}}],"collection":[{"href":"https:\/\/llumcoworking.com\/fr\/wp-json\/wp\/v2\/pages"}],"about":[{"href":"https:\/\/llumcoworking.com\/fr\/wp-json\/wp\/v2\/types\/page"}],"author":[{"embeddable":true,"href":"https:\/\/llumcoworking.com\/fr\/wp-json\/wp\/v2\/users\/1"}],"replies":[{"embeddable":true,"href":"https:\/\/llumcoworking.com\/fr\/wp-json\/wp\/v2\/comments?post=10762"}],"version-history":[{"count":0,"href":"https:\/\/llumcoworking.com\/fr\/wp-json\/wp\/v2\/pages\/10762\/revisions"}],"wp:attachment":[{"href":"https:\/\/llumcoworking.com\/fr\/wp-json\/wp\/v2\/media?parent=10762"}],"curies":[{"name":"wp","href":"https:\/\/api.w.org\/{rel}","templated":true}]}}