{"id":10771,"date":"2024-02-16T14:45:00","date_gmt":"2024-02-16T13:45:00","guid":{"rendered":"https:\/\/llumcoworking.com\/a-propos\/"},"modified":"2024-04-11T11:48:20","modified_gmt":"2024-04-11T11:48:20","slug":"a-propos","status":"publish","type":"page","link":"https:\/\/llumcoworking.com\/fr\/a-propos\/","title":{"rendered":"\u00c0 propos"},"content":{"rendered":"\t\t<div data-elementor-type=\"wp-page\" data-elementor-id=\"10771\" class=\"elementor elementor-10771 elementor-39\" data-elementor-post-type=\"page\">\n\t\t\t\t<div class=\"elementor-element elementor-element-f074e5a e-con-full e-flex e-con e-parent\" data-id=\"f074e5a\" data-element_type=\"container\" data-e-type=\"container\">\n\t\t\t\t<div class=\"elementor-element elementor-element-639802c elementor-widget__width-initial elementor-widget-mobile__width-inherit elementor-widget elementor-widget-heading\" data-id=\"639802c\" data-element_type=\"widget\" data-e-type=\"widget\" data-widget_type=\"heading.default\">\n\t\t\t\t<div class=\"elementor-widget-container\">\n\t\t\t\t\t<div class=\"elementor-heading-title elementor-size-default\">Faites la connaissance de qui est derri\u00e8re tout ce <i>remue-m\u00e9nage<\/i><\/div>\t\t\t\t<\/div>\n\t\t\t\t<\/div>\n\t\t\t\t<\/div>\n\t\t<div class=\"elementor-element elementor-element-9dbccfd e-con-full e-flex e-con e-parent\" data-id=\"9dbccfd\" data-element_type=\"container\" data-e-type=\"container\">\n\t\t<div class=\"elementor-element elementor-element-82a9f80 e-con-full e-flex e-con e-child\" data-id=\"82a9f80\" data-element_type=\"container\" data-e-type=\"container\">\n\t\t\t\t<div class=\"elementor-element elementor-element-de23cac elementor-widget__width-initial animated-slow elementor-widget-mobile__width-inherit elementor-invisible elementor-widget elementor-widget-image\" data-id=\"de23cac\" data-element_type=\"widget\" data-e-type=\"widget\" data-settings=\"{&quot;_animation&quot;:&quot;fadeIn&quot;}\" data-widget_type=\"image.default\">\n\t\t\t\t<div class=\"elementor-widget-container\">\n\t\t\t\t\t\t\t\t\t\t\t\t\t\t\t<img fetchpriority=\"high\" decoding=\"async\" width=\"850\" height=\"1180\" src=\"https:\/\/llumcoworking.com\/wp-content\/uploads\/2024\/03\/fundadora-llum-coworking.jpg\" class=\"attachment-full size-full wp-image-10789\" alt=\"\" srcset=\"https:\/\/llumcoworking.com\/wp-content\/uploads\/2024\/03\/fundadora-llum-coworking.jpg 850w, https:\/\/llumcoworking.com\/wp-content\/uploads\/2024\/03\/fundadora-llum-coworking-600x833.jpg 600w, https:\/\/llumcoworking.com\/wp-content\/uploads\/2024\/03\/fundadora-llum-coworking-216x300.jpg 216w, https:\/\/llumcoworking.com\/wp-content\/uploads\/2024\/03\/fundadora-llum-coworking-738x1024.jpg 738w, https:\/\/llumcoworking.com\/wp-content\/uploads\/2024\/03\/fundadora-llum-coworking-768x1066.jpg 768w\" sizes=\"(max-width: 850px) 100vw, 850px\" \/>\t\t\t\t\t\t\t\t\t\t\t\t\t\t\t<\/div>\n\t\t\t\t<\/div>\n\t\t\t\t<div class=\"elementor-element elementor-element-cd2d516 elementor-widget__width-initial elementor-widget-mobile__width-inherit elementor-widget elementor-widget-text-editor\" data-id=\"cd2d516\" data-element_type=\"widget\" data-e-type=\"widget\" data-widget_type=\"text-editor.default\">\n\t\t\t\t<div class=\"elementor-widget-container\">\n\t\t\t\t\t\t\t\t\t<p>Mon nom est Ariadna et je suis canarienne de c\u0153ur.<\/p>\n<p>Fondatrice de LLum et je suis une coworker de plus, comme web designer sous la marque <span style=\"text-decoration: underline;\"><strong><span style=\"color: #333333; text-decoration: underline;\"><a style=\"color: #333333; text-decoration: underline;\" href=\"https:\/\/arysa.es\/\" target=\"_blank\" rel=\"noopener\">Arysa<\/a><\/span><\/strong>.<\/span><\/p>\n<p>En tant que freelance, j\u2019ai travaill\u00e9 tout au long de ma carri\u00e8re dans divers espaces, mais il me manquait toujours quelque chose pour \u00eatre \u00e0 l\u2019aise \u00e0 100 %. Un jour, j\u2019ai remont\u00e9 mes manches et j\u2019ai d\u00e9cid\u00e9 d\u2019ouvrir mon propre espace de coworking : Llum.<\/p>\n\t\t\t\t\t\t\t\t<\/div>\n\t\t\t\t<\/div>\n\t\t\t\t<div class=\"elementor-element elementor-element-70cad45 elementor-widget__width-initial elementor-widget-mobile__width-inherit elementor-widget elementor-widget-text-editor\" data-id=\"70cad45\" data-element_type=\"widget\" data-e-type=\"widget\" data-widget_type=\"text-editor.default\">\n\t\t\t\t<div class=\"elementor-widget-container\">\n\t\t\t\t\t\t\t\t\t<p>Mais ce bazard dans lequel je me suis mise ne serait pas possible sans l&rsquo;un de ces sourires qui rechargent les batteries : <strong>celui de Lily.<\/strong><\/p>\n<p><strong>Elle est ma main droite chez Llum<\/strong>, fan de K-pop, Gamer, cr\u00e9ative jusqu\u2019\u00e0 des limites insoup\u00e7onn\u00e9es, et si casani\u00e8re qu\u2019elle a fait de notre coworking son foyer la premi\u00e8re fois qu\u2019elle en a franchi la porte.<\/p>\n\t\t\t\t\t\t\t\t<\/div>\n\t\t\t\t<\/div>\n\t\t\t\t<div class=\"elementor-element elementor-element-aa84d3c elementor-widget__width-initial animated-slow elementor-widget-mobile__width-inherit elementor-invisible elementor-widget elementor-widget-image\" data-id=\"aa84d3c\" data-element_type=\"widget\" data-e-type=\"widget\" data-settings=\"{&quot;_animation&quot;:&quot;fadeIn&quot;}\" data-widget_type=\"image.default\">\n\t\t\t\t<div class=\"elementor-widget-container\">\n\t\t\t\t\t\t\t\t\t\t\t\t\t\t\t<img decoding=\"async\" width=\"716\" height=\"1024\" src=\"https:\/\/llumcoworking.com\/wp-content\/uploads\/2024\/04\/lilian-aguilera-llum-716x1024.jpg\" class=\"attachment-large size-large wp-image-10698\" alt=\"\" srcset=\"https:\/\/llumcoworking.com\/wp-content\/uploads\/2024\/04\/lilian-aguilera-llum-716x1024.jpg 716w, https:\/\/llumcoworking.com\/wp-content\/uploads\/2024\/04\/lilian-aguilera-llum-600x858.jpg 600w, https:\/\/llumcoworking.com\/wp-content\/uploads\/2024\/04\/lilian-aguilera-llum-210x300.jpg 210w, https:\/\/llumcoworking.com\/wp-content\/uploads\/2024\/04\/lilian-aguilera-llum-768x1099.jpg 768w, https:\/\/llumcoworking.com\/wp-content\/uploads\/2024\/04\/lilian-aguilera-llum.jpg 850w\" sizes=\"(max-width: 716px) 100vw, 716px\" \/>\t\t\t\t\t\t\t\t\t\t\t\t\t\t\t<\/div>\n\t\t\t\t<\/div>\n\t\t\t\t<\/div>\n\t\t\t\t<div class=\"elementor-element elementor-element-67baf5b elementor-widget__width-initial animated-slow elementor-widget-mobile__width-inherit elementor-hidden-tablet elementor-hidden-mobile elementor-invisible elementor-widget elementor-widget-image\" data-id=\"67baf5b\" data-element_type=\"widget\" data-e-type=\"widget\" data-settings=\"{&quot;motion_fx_motion_fx_scrolling&quot;:&quot;yes&quot;,&quot;motion_fx_translateY_effect&quot;:&quot;yes&quot;,&quot;_animation&quot;:&quot;fadeIn&quot;,&quot;motion_fx_devices&quot;:[&quot;desktop&quot;,&quot;laptop&quot;,&quot;tablet&quot;],&quot;motion_fx_translateY_speed&quot;:{&quot;unit&quot;:&quot;px&quot;,&quot;size&quot;:4,&quot;sizes&quot;:[]},&quot;motion_fx_translateY_affectedRange&quot;:{&quot;unit&quot;:&quot;%&quot;,&quot;size&quot;:&quot;&quot;,&quot;sizes&quot;:{&quot;start&quot;:0,&quot;end&quot;:100}}}\" data-widget_type=\"image.default\">\n\t\t\t\t<div class=\"elementor-widget-container\">\n\t\t\t\t\t\t\t\t\t\t\t\t\t\t\t<img decoding=\"async\" width=\"1000\" height=\"668\" src=\"https:\/\/llumcoworking.com\/wp-content\/uploads\/2022\/03\/Fotos-Cowork-2020_8.jpg\" class=\"attachment-full size-full wp-image-3609\" alt=\"\" srcset=\"https:\/\/llumcoworking.com\/wp-content\/uploads\/2022\/03\/Fotos-Cowork-2020_8.jpg 1000w, https:\/\/llumcoworking.com\/wp-content\/uploads\/2022\/03\/Fotos-Cowork-2020_8-600x401.jpg 600w, https:\/\/llumcoworking.com\/wp-content\/uploads\/2022\/03\/Fotos-Cowork-2020_8-300x200.jpg 300w, https:\/\/llumcoworking.com\/wp-content\/uploads\/2022\/03\/Fotos-Cowork-2020_8-768x513.jpg 768w\" sizes=\"(max-width: 1000px) 100vw, 1000px\" \/>\t\t\t\t\t\t\t\t\t\t\t\t\t\t\t<\/div>\n\t\t\t\t<\/div>\n\t\t\t\t<div class=\"elementor-element elementor-element-b273dd3 elementor-widget__width-initial elementor-widget-mobile__width-inherit elementor-widget elementor-widget-text-editor\" data-id=\"b273dd3\" data-element_type=\"widget\" data-e-type=\"widget\" data-settings=\"{&quot;motion_fx_motion_fx_scrolling&quot;:&quot;yes&quot;,&quot;motion_fx_translateY_effect&quot;:&quot;yes&quot;,&quot;motion_fx_devices&quot;:[&quot;desktop&quot;,&quot;laptop&quot;,&quot;tablet&quot;],&quot;motion_fx_translateY_speed&quot;:{&quot;unit&quot;:&quot;px&quot;,&quot;size&quot;:4,&quot;sizes&quot;:[]},&quot;motion_fx_translateY_affectedRange&quot;:{&quot;unit&quot;:&quot;%&quot;,&quot;size&quot;:&quot;&quot;,&quot;sizes&quot;:{&quot;start&quot;:0,&quot;end&quot;:100}}}\" data-widget_type=\"text-editor.default\">\n\t\t\t\t<div class=\"elementor-widget-container\">\n\t\t\t\t\t\t\t\t\t<p><strong>Nous sommes ouverts depuis 2018 et beaucoup de professionnel.les de diff\u00e9rents domaines sont pass\u00e9.es par ici<\/strong> (design, photographie, personal shoppers, professeur.es de langues, traducteurs, personnes du marketing, ing\u00e9nieurs, vid\u00e9astes, copywriters\u2026) comme vous pouvez le voir, nous avons une atmosph\u00e8re tr\u00e8s vari\u00e9e, mais toujours caract\u00e9ris\u00e9e par le fait d\u2019\u00eatre un espace calme et plein de bonnes vibrations. Il y a des gens qui sont avec nous depuis notre ouverture en 2018 et pour une raison\u2026 Personne ne reste l\u00e0 o\u00f9 il n\u2019est pas \u00e0 l\u2019aise.<\/p>\n<p><strong>Nous avons choisi ce nom pr\u00e9cis\u00e9ment pour toute la lumi\u00e8re que nous avons (Llum veut dire \u00ab lumi\u00e8re \u00bb en valencien) et je pensais que c\u2019\u00e9tait le nom parfait.<\/strong><\/p>\n\t\t\t\t\t\t\t\t<\/div>\n\t\t\t\t<\/div>\n\t\t\t\t<div class=\"elementor-element elementor-element-6cf8456 elementor-widget__width-initial animated-slow elementor-widget-mobile__width-inherit elementor-invisible elementor-widget elementor-widget-image\" data-id=\"6cf8456\" data-element_type=\"widget\" data-e-type=\"widget\" data-settings=\"{&quot;motion_fx_motion_fx_scrolling&quot;:&quot;yes&quot;,&quot;motion_fx_translateY_effect&quot;:&quot;yes&quot;,&quot;_animation&quot;:&quot;fadeIn&quot;,&quot;motion_fx_devices&quot;:[&quot;desktop&quot;,&quot;laptop&quot;,&quot;tablet&quot;],&quot;motion_fx_translateY_speed&quot;:{&quot;unit&quot;:&quot;px&quot;,&quot;size&quot;:4,&quot;sizes&quot;:[]},&quot;motion_fx_translateY_affectedRange&quot;:{&quot;unit&quot;:&quot;%&quot;,&quot;size&quot;:&quot;&quot;,&quot;sizes&quot;:{&quot;start&quot;:0,&quot;end&quot;:100}}}\" data-widget_type=\"image.default\">\n\t\t\t\t<div class=\"elementor-widget-container\">\n\t\t\t\t\t\t\t\t\t\t\t\t\t\t\t<img loading=\"lazy\" decoding=\"async\" width=\"1920\" height=\"1281\" src=\"https:\/\/llumcoworking.com\/wp-content\/uploads\/2021\/06\/Llum-coworking_16.jpg\" class=\"attachment-full size-full wp-image-2667\" alt=\"coworking valencia\" srcset=\"https:\/\/llumcoworking.com\/wp-content\/uploads\/2021\/06\/Llum-coworking_16.jpg 1920w, https:\/\/llumcoworking.com\/wp-content\/uploads\/2021\/06\/Llum-coworking_16-600x400.jpg 600w, https:\/\/llumcoworking.com\/wp-content\/uploads\/2021\/06\/Llum-coworking_16-300x200.jpg 300w, https:\/\/llumcoworking.com\/wp-content\/uploads\/2021\/06\/Llum-coworking_16-1024x683.jpg 1024w, https:\/\/llumcoworking.com\/wp-content\/uploads\/2021\/06\/Llum-coworking_16-768x512.jpg 768w, https:\/\/llumcoworking.com\/wp-content\/uploads\/2021\/06\/Llum-coworking_16-1536x1025.jpg 1536w\" sizes=\"(max-width: 1920px) 100vw, 1920px\" \/>\t\t\t\t\t\t\t\t\t\t\t\t\t\t\t<\/div>\n\t\t\t\t<\/div>\n\t\t\t\t<div class=\"elementor-element elementor-element-1b62d63 elementor-widget-divider--separator-type-pattern elementor-widget-divider--no-spacing elementor-widget-divider--view-line elementor-widget elementor-widget-divider\" data-id=\"1b62d63\" data-element_type=\"widget\" data-e-type=\"widget\" data-widget_type=\"divider.default\">\n\t\t\t\t<div class=\"elementor-widget-container\">\n\t\t\t\t\t\t\t<div class=\"elementor-divider\" style=\"--divider-pattern-url: url(&quot;data:image\/svg+xml,%3Csvg xmlns=&#039;http:\/\/www.w3.org\/2000\/svg&#039; preserveAspectRatio=&#039;xMidYMid meet&#039; overflow=&#039;visible&#039; height=&#039;100%&#039; viewBox=&#039;0 0 126 26&#039; fill=&#039;black&#039; stroke=&#039;none&#039;%3E%3Cpath d=&#039;M3,10.2c2.6,0,2.6,2,2.6,3.2S4.4,16.5,3,16.5s-3-1.4-3-3.2S0.4,10.2,3,10.2z M18.8,10.2c1.7,0,3.2,1.4,3.2,3.2s-1.4,3.2-3.2,3.2c-1.7,0-3.2-1.4-3.2-3.2S17,10.2,18.8,10.2z M34.6,10.2c1.5,0,2.6,1.4,2.6,3.2s-0.5,3.2-1.9,3.2c-1.5,0-3.4-1.4-3.4-3.2S33.1,10.2,34.6,10.2z M50.5,10.2c1.7,0,3.2,1.4,3.2,3.2s-1.4,3.2-3.2,3.2c-1.7,0-3.3-0.9-3.3-2.6S48.7,10.2,50.5,10.2z M66.2,10.2c1.5,0,3.4,1.4,3.4,3.2s-1.9,3.2-3.4,3.2c-1.5,0-2.6-0.4-2.6-2.1S64.8,10.2,66.2,10.2z M82.2,10.2c1.7,0.8,2.6,1.4,2.6,3.2s-0.1,3.2-1.6,3.2c-1.5,0-3.7-1.4-3.7-3.2S80.5,9.4,82.2,10.2zM98.6,10.2c1.5,0,2.6,0.4,2.6,2.1s-1.2,4.2-2.6,4.2c-1.5,0-3.7-0.4-3.7-2.1S97.1,10.2,98.6,10.2z M113.4,10.2c1.2,0,2.2,0.9,2.2,3.2s-0.1,3.2-1.3,3.2s-3.1-1.4-3.1-3.2S112.2,10.2,113.4,10.2z&#039;\/%3E%3C\/svg%3E&quot;);\">\n\t\t\t<span class=\"elementor-divider-separator\">\n\t\t\t\t\t\t<\/span>\n\t\t<\/div>\n\t\t\t\t\t\t<\/div>\n\t\t\t\t<\/div>\n\t\t\t\t<div class=\"elementor-element elementor-element-89a3244 elementor-widget__width-inherit elementor-invisible elementor-widget elementor-widget-text-editor\" data-id=\"89a3244\" data-element_type=\"widget\" data-e-type=\"widget\" data-settings=\"{&quot;_animation&quot;:&quot;fadeIn&quot;}\" data-widget_type=\"text-editor.default\">\n\t\t\t\t<div class=\"elementor-widget-container\">\n\t\t\t\t\t\t\t\t\t<p>Lorsque je l\u2019ai cr\u00e9\u00e9, je ne l\u2019ai pas envisag\u00e9 comme une entrepreneuse, mais comme une <em>freelance.<\/em> Je voulais donc que ce soit un endroit o\u00f9 l\u2019on se sente vraiment \u00e0 l\u2019aise au travail et que les personnes qui viennent y travailler ressentent la m\u00eame chose que moi : <strong>du confort, une atmosph\u00e8re agr\u00e9able et tout ce dont on a besoin pour se concentrer sur ses projets.<\/strong><\/p>\n\t\t\t\t\t\t\t\t<\/div>\n\t\t\t\t<\/div>\n\t\t\t\t<div class=\"elementor-element elementor-element-4d69d94 elementor-widget-divider--separator-type-pattern elementor-widget-divider--no-spacing elementor-widget-divider--view-line elementor-widget elementor-widget-divider\" data-id=\"4d69d94\" data-element_type=\"widget\" data-e-type=\"widget\" data-widget_type=\"divider.default\">\n\t\t\t\t<div class=\"elementor-widget-container\">\n\t\t\t\t\t\t\t<div class=\"elementor-divider\" style=\"--divider-pattern-url: url(&quot;data:image\/svg+xml,%3Csvg xmlns=&#039;http:\/\/www.w3.org\/2000\/svg&#039; preserveAspectRatio=&#039;xMidYMid meet&#039; overflow=&#039;visible&#039; height=&#039;100%&#039; viewBox=&#039;0 0 126 26&#039; fill=&#039;black&#039; stroke=&#039;none&#039;%3E%3Cpath d=&#039;M3,10.2c2.6,0,2.6,2,2.6,3.2S4.4,16.5,3,16.5s-3-1.4-3-3.2S0.4,10.2,3,10.2z M18.8,10.2c1.7,0,3.2,1.4,3.2,3.2s-1.4,3.2-3.2,3.2c-1.7,0-3.2-1.4-3.2-3.2S17,10.2,18.8,10.2z M34.6,10.2c1.5,0,2.6,1.4,2.6,3.2s-0.5,3.2-1.9,3.2c-1.5,0-3.4-1.4-3.4-3.2S33.1,10.2,34.6,10.2z M50.5,10.2c1.7,0,3.2,1.4,3.2,3.2s-1.4,3.2-3.2,3.2c-1.7,0-3.3-0.9-3.3-2.6S48.7,10.2,50.5,10.2z M66.2,10.2c1.5,0,3.4,1.4,3.4,3.2s-1.9,3.2-3.4,3.2c-1.5,0-2.6-0.4-2.6-2.1S64.8,10.2,66.2,10.2z M82.2,10.2c1.7,0.8,2.6,1.4,2.6,3.2s-0.1,3.2-1.6,3.2c-1.5,0-3.7-1.4-3.7-3.2S80.5,9.4,82.2,10.2zM98.6,10.2c1.5,0,2.6,0.4,2.6,2.1s-1.2,4.2-2.6,4.2c-1.5,0-3.7-0.4-3.7-2.1S97.1,10.2,98.6,10.2z M113.4,10.2c1.2,0,2.2,0.9,2.2,3.2s-0.1,3.2-1.3,3.2s-3.1-1.4-3.1-3.2S112.2,10.2,113.4,10.2z&#039;\/%3E%3C\/svg%3E&quot;);\">\n\t\t\t<span class=\"elementor-divider-separator\">\n\t\t\t\t\t\t<\/span>\n\t\t<\/div>\n\t\t\t\t\t\t<\/div>\n\t\t\t\t<\/div>\n\t\t<div class=\"elementor-element elementor-element-1a0fb2c e-con-full e-flex e-con e-child\" data-id=\"1a0fb2c\" data-element_type=\"container\" data-e-type=\"container\" data-settings=\"{&quot;background_background&quot;:&quot;classic&quot;}\">\n\t\t\t\t<div class=\"elementor-element elementor-element-096d3d0 elementor-widget__width-initial elementor-widget-mobile__width-inherit elementor-widget elementor-widget-text-editor\" data-id=\"096d3d0\" data-element_type=\"widget\" data-e-type=\"widget\" data-widget_type=\"text-editor.default\">\n\t\t\t\t<div class=\"elementor-widget-container\">\n\t\t\t\t\t\t\t\t\t<p>Le r\u00e9sultat est un espace que je trouve beau et des personnes merveilleuses qui le remplissent de vie chaque jour (ainsi que mes plantes).<\/p>\n<p><strong>Un coworking est un lieu o\u00f9 vous ne vous contentez pas d\u2019aller travailler, vous y trouvez \u00e9galement des personnes qui vous inspirent<\/strong>, qui vous \u00e9coutent lorsque vous passez une journ\u00e9e \u00e9pouvantable et qui vous aident, d\u00e8s qu\u2019elles le peuvent, \u00e0 sortir du blocage mental dans lequel vous pouvez parfois vous trouver.<\/p>\n<p>Et m\u00eame si cela peut sembler clich\u00e9, lorsque vous interagissez avec d\u2019autres professionnels, qu\u2019ils soient de votre secteur ou dans un autre, des projets communs voient souvent le jour.<\/p>\n<p>Tout cela \u00e0 l\u2019air tr\u00e8s id\u00e9al, mais c\u2019est vrai, cela cr\u00e9e une atmosph\u00e8re tr\u00e8s cool au final. N\u2019oubliez pas que nous passons la plupart de notre temps au travail, quel meilleur endroit pour le faire que dans un espace comme celui-ci?<\/p>\n\t\t\t\t\t\t\t\t<\/div>\n\t\t\t\t<\/div>\n\t\t\t\t<div class=\"elementor-element elementor-element-7a83456 elementor-widget__width-initial elementor-mobile-align-center elementor-widget-mobile__width-inherit elementor-widget elementor-widget-button\" data-id=\"7a83456\" data-element_type=\"widget\" data-e-type=\"widget\" data-widget_type=\"button.default\">\n\t\t\t\t<div class=\"elementor-widget-container\">\n\t\t\t\t\t\t\t\t\t<div class=\"elementor-button-wrapper\">\n\t\t\t\t\t<a class=\"elementor-button elementor-button-link elementor-size-sm\" href=\"https:\/\/llumcoworking.com\/fr\/demander-une-visite\/\" target=\"_blank\">\n\t\t\t\t\t\t<span class=\"elementor-button-content-wrapper\">\n\t\t\t\t\t\t\t\t\t<span class=\"elementor-button-text\">Rejoignez-nous!<\/span>\n\t\t\t\t\t<\/span>\n\t\t\t\t\t<\/a>\n\t\t\t\t<\/div>\n\t\t\t\t\t\t\t\t<\/div>\n\t\t\t\t<\/div>\n\t\t\t\t<div class=\"elementor-element elementor-element-d0f7375 elementor-widget__width-initial animated-slow elementor-widget-mobile__width-inherit elementor-invisible elementor-widget elementor-widget-image\" data-id=\"d0f7375\" data-element_type=\"widget\" data-e-type=\"widget\" data-settings=\"{&quot;_animation&quot;:&quot;fadeIn&quot;}\" data-widget_type=\"image.default\">\n\t\t\t\t<div class=\"elementor-widget-container\">\n\t\t\t\t\t\t\t\t\t\t\t\t\t\t\t<img loading=\"lazy\" decoding=\"async\" width=\"850\" height=\"1274\" src=\"https:\/\/llumcoworking.com\/wp-content\/uploads\/2024\/02\/alquiler-sala-reuniones-valencia.jpg\" class=\"attachment-full size-full wp-image-252\" alt=\"\" srcset=\"https:\/\/llumcoworking.com\/wp-content\/uploads\/2024\/02\/alquiler-sala-reuniones-valencia.jpg 850w, https:\/\/llumcoworking.com\/wp-content\/uploads\/2024\/02\/alquiler-sala-reuniones-valencia-600x899.jpg 600w, https:\/\/llumcoworking.com\/wp-content\/uploads\/2024\/02\/alquiler-sala-reuniones-valencia-200x300.jpg 200w, https:\/\/llumcoworking.com\/wp-content\/uploads\/2024\/02\/alquiler-sala-reuniones-valencia-683x1024.jpg 683w, https:\/\/llumcoworking.com\/wp-content\/uploads\/2024\/02\/alquiler-sala-reuniones-valencia-768x1151.jpg 768w\" sizes=\"(max-width: 850px) 100vw, 850px\" \/>\t\t\t\t\t\t\t\t\t\t\t\t\t\t\t<\/div>\n\t\t\t\t<\/div>\n\t\t\t\t<\/div>\n\t\t\t\t<\/div>\n\t\t\t\t<\/div>\n\t\t","protected":false},"excerpt":{"rendered":"<p>Faites la connaissance de qui est derri\u00e8re tout ce remue-m\u00e9nage Mon nom est Ariadna et je suis canarienne de c\u0153ur. Fondatrice de LLum et je suis une coworker de plus, comme web designer sous la marque Arysa. En tant que freelance, j\u2019ai travaill\u00e9 tout au long de ma carri\u00e8re dans divers espaces, mais il me [&hellip;]<\/p>\n","protected":false},"author":1,"featured_media":0,"parent":0,"menu_order":0,"comment_status":"closed","ping_status":"closed","template":"elementor_header_footer","meta":{"footnotes":""},"class_list":["post-10771","page","type-page","status-publish","hentry"],"yoast_head":"<!-- This site is optimized with the Yoast SEO plugin v27.2 - https:\/\/yoast.com\/product\/yoast-seo-wordpress\/ -->\n<title>\u00c0 propos - Llum Coworking Valencia<\/title>\n<meta name=\"robots\" content=\"index, follow, max-snippet:-1, max-image-preview:large, max-video-preview:-1\" \/>\n<link rel=\"canonical\" href=\"https:\/\/llumcoworking.com\/fr\/a-propos\/\" \/>\n<meta property=\"og:locale\" content=\"fr_FR\" \/>\n<meta property=\"og:type\" content=\"article\" \/>\n<meta property=\"og:title\" content=\"\u00c0 propos - Llum Coworking Valencia\" \/>\n<meta property=\"og:description\" content=\"Faites la connaissance de qui est derri\u00e8re tout ce remue-m\u00e9nage Mon nom est Ariadna et je suis canarienne de c\u0153ur. Fondatrice de LLum et je suis une coworker de plus, comme web designer sous la marque Arysa. En tant que freelance, j\u2019ai travaill\u00e9 tout au long de ma carri\u00e8re dans divers espaces, mais il me [&hellip;]\" \/>\n<meta property=\"og:url\" content=\"https:\/\/llumcoworking.com\/fr\/a-propos\/\" \/>\n<meta property=\"og:site_name\" content=\"Llum Coworking Valencia\" \/>\n<meta property=\"article:modified_time\" content=\"2024-04-11T11:48:20+00:00\" \/>\n<meta property=\"og:image\" content=\"https:\/\/llumcoworking.com\/wp-content\/uploads\/2024\/03\/fundadora-llum-coworking.jpg\" \/>\n<meta name=\"twitter:card\" content=\"summary_large_image\" \/>\n<meta name=\"twitter:label1\" content=\"Dur\u00e9e de lecture estim\u00e9e\" \/>\n\t<meta name=\"twitter:data1\" content=\"4 minutes\" \/>\n<script type=\"application\/ld+json\" class=\"yoast-schema-graph\">{\"@context\":\"https:\/\/schema.org\",\"@graph\":[{\"@type\":\"WebPage\",\"@id\":\"https:\/\/llumcoworking.com\/fr\/a-propos\/\",\"url\":\"https:\/\/llumcoworking.com\/fr\/a-propos\/\",\"name\":\"\u00c0 propos - Llum Coworking Valencia\",\"isPartOf\":{\"@id\":\"https:\/\/llumcoworking.com\/#website\"},\"primaryImageOfPage\":{\"@id\":\"https:\/\/llumcoworking.com\/fr\/a-propos\/#primaryimage\"},\"image\":{\"@id\":\"https:\/\/llumcoworking.com\/fr\/a-propos\/#primaryimage\"},\"thumbnailUrl\":\"https:\/\/llumcoworking.com\/wp-content\/uploads\/2024\/03\/fundadora-llum-coworking.jpg\",\"datePublished\":\"2024-02-16T13:45:00+00:00\",\"dateModified\":\"2024-04-11T11:48:20+00:00\",\"breadcrumb\":{\"@id\":\"https:\/\/llumcoworking.com\/fr\/a-propos\/#breadcrumb\"},\"inLanguage\":\"fr-FR\",\"potentialAction\":[{\"@type\":\"ReadAction\",\"target\":[\"https:\/\/llumcoworking.com\/fr\/a-propos\/\"]}]},{\"@type\":\"ImageObject\",\"inLanguage\":\"fr-FR\",\"@id\":\"https:\/\/llumcoworking.com\/fr\/a-propos\/#primaryimage\",\"url\":\"https:\/\/llumcoworking.com\/wp-content\/uploads\/2024\/03\/fundadora-llum-coworking.jpg\",\"contentUrl\":\"https:\/\/llumcoworking.com\/wp-content\/uploads\/2024\/03\/fundadora-llum-coworking.jpg\"},{\"@type\":\"BreadcrumbList\",\"@id\":\"https:\/\/llumcoworking.com\/fr\/a-propos\/#breadcrumb\",\"itemListElement\":[{\"@type\":\"ListItem\",\"position\":1,\"name\":\"Portada\",\"item\":\"https:\/\/llumcoworking.com\/\"},{\"@type\":\"ListItem\",\"position\":2,\"name\":\"\u00c0 propos\"}]},{\"@type\":\"WebSite\",\"@id\":\"https:\/\/llumcoworking.com\/#website\",\"url\":\"https:\/\/llumcoworking.com\/\",\"name\":\"Llum Coworking Valencia\",\"description\":\"\",\"potentialAction\":[{\"@type\":\"SearchAction\",\"target\":{\"@type\":\"EntryPoint\",\"urlTemplate\":\"https:\/\/llumcoworking.com\/?s={search_term_string}\"},\"query-input\":{\"@type\":\"PropertyValueSpecification\",\"valueRequired\":true,\"valueName\":\"search_term_string\"}}],\"inLanguage\":\"fr-FR\"}]}<\/script>\n<!-- \/ Yoast SEO plugin. -->","yoast_head_json":{"title":"\u00c0 propos - Llum Coworking Valencia","robots":{"index":"index","follow":"follow","max-snippet":"max-snippet:-1","max-image-preview":"max-image-preview:large","max-video-preview":"max-video-preview:-1"},"canonical":"https:\/\/llumcoworking.com\/fr\/a-propos\/","og_locale":"fr_FR","og_type":"article","og_title":"\u00c0 propos - Llum Coworking Valencia","og_description":"Faites la connaissance de qui est derri\u00e8re tout ce remue-m\u00e9nage Mon nom est Ariadna et je suis canarienne de c\u0153ur. Fondatrice de LLum et je suis une coworker de plus, comme web designer sous la marque Arysa. En tant que freelance, j\u2019ai travaill\u00e9 tout au long de ma carri\u00e8re dans divers espaces, mais il me [&hellip;]","og_url":"https:\/\/llumcoworking.com\/fr\/a-propos\/","og_site_name":"Llum Coworking Valencia","article_modified_time":"2024-04-11T11:48:20+00:00","og_image":[{"url":"https:\/\/llumcoworking.com\/wp-content\/uploads\/2024\/03\/fundadora-llum-coworking.jpg","type":"","width":"","height":""}],"twitter_card":"summary_large_image","twitter_misc":{"Dur\u00e9e de lecture estim\u00e9e":"4 minutes"},"schema":{"@context":"https:\/\/schema.org","@graph":[{"@type":"WebPage","@id":"https:\/\/llumcoworking.com\/fr\/a-propos\/","url":"https:\/\/llumcoworking.com\/fr\/a-propos\/","name":"\u00c0 propos - Llum Coworking Valencia","isPartOf":{"@id":"https:\/\/llumcoworking.com\/#website"},"primaryImageOfPage":{"@id":"https:\/\/llumcoworking.com\/fr\/a-propos\/#primaryimage"},"image":{"@id":"https:\/\/llumcoworking.com\/fr\/a-propos\/#primaryimage"},"thumbnailUrl":"https:\/\/llumcoworking.com\/wp-content\/uploads\/2024\/03\/fundadora-llum-coworking.jpg","datePublished":"2024-02-16T13:45:00+00:00","dateModified":"2024-04-11T11:48:20+00:00","breadcrumb":{"@id":"https:\/\/llumcoworking.com\/fr\/a-propos\/#breadcrumb"},"inLanguage":"fr-FR","potentialAction":[{"@type":"ReadAction","target":["https:\/\/llumcoworking.com\/fr\/a-propos\/"]}]},{"@type":"ImageObject","inLanguage":"fr-FR","@id":"https:\/\/llumcoworking.com\/fr\/a-propos\/#primaryimage","url":"https:\/\/llumcoworking.com\/wp-content\/uploads\/2024\/03\/fundadora-llum-coworking.jpg","contentUrl":"https:\/\/llumcoworking.com\/wp-content\/uploads\/2024\/03\/fundadora-llum-coworking.jpg"},{"@type":"BreadcrumbList","@id":"https:\/\/llumcoworking.com\/fr\/a-propos\/#breadcrumb","itemListElement":[{"@type":"ListItem","position":1,"name":"Portada","item":"https:\/\/llumcoworking.com\/"},{"@type":"ListItem","position":2,"name":"\u00c0 propos"}]},{"@type":"WebSite","@id":"https:\/\/llumcoworking.com\/#website","url":"https:\/\/llumcoworking.com\/","name":"Llum Coworking Valencia","description":"","potentialAction":[{"@type":"SearchAction","target":{"@type":"EntryPoint","urlTemplate":"https:\/\/llumcoworking.com\/?s={search_term_string}"},"query-input":{"@type":"PropertyValueSpecification","valueRequired":true,"valueName":"search_term_string"}}],"inLanguage":"fr-FR"}]}},"_links":{"self":[{"href":"https:\/\/llumcoworking.com\/fr\/wp-json\/wp\/v2\/pages\/10771","targetHints":{"allow":["GET"]}}],"collection":[{"href":"https:\/\/llumcoworking.com\/fr\/wp-json\/wp\/v2\/pages"}],"about":[{"href":"https:\/\/llumcoworking.com\/fr\/wp-json\/wp\/v2\/types\/page"}],"author":[{"embeddable":true,"href":"https:\/\/llumcoworking.com\/fr\/wp-json\/wp\/v2\/users\/1"}],"replies":[{"embeddable":true,"href":"https:\/\/llumcoworking.com\/fr\/wp-json\/wp\/v2\/comments?post=10771"}],"version-history":[{"count":0,"href":"https:\/\/llumcoworking.com\/fr\/wp-json\/wp\/v2\/pages\/10771\/revisions"}],"wp:attachment":[{"href":"https:\/\/llumcoworking.com\/fr\/wp-json\/wp\/v2\/media?parent=10771"}],"curies":[{"name":"wp","href":"https:\/\/api.w.org\/{rel}","templated":true}]}}