{"id":10808,"date":"2024-03-01T15:23:19","date_gmt":"2024-03-01T15:23:19","guid":{"rendered":"https:\/\/llumcoworking.com\/demander-une-visite\/"},"modified":"2024-04-22T08:45:53","modified_gmt":"2024-04-22T08:45:53","slug":"demander-une-visite","status":"publish","type":"page","link":"https:\/\/llumcoworking.com\/fr\/demander-une-visite\/","title":{"rendered":"Demander une visite"},"content":{"rendered":"\t\t<div data-elementor-type=\"wp-page\" data-elementor-id=\"10808\" class=\"elementor elementor-10808 elementor-9916\" data-elementor-post-type=\"page\">\n\t\t\t\t<div class=\"elementor-element elementor-element-34bcd53 e-con-full e-flex e-con e-parent\" data-id=\"34bcd53\" data-element_type=\"container\" data-e-type=\"container\">\n\t\t<div class=\"elementor-element elementor-element-4302100 e-con-full e-flex e-con e-child\" data-id=\"4302100\" data-element_type=\"container\" data-e-type=\"container\">\n\t\t\t\t<div class=\"elementor-element elementor-element-1544fe5 elementor-widget elementor-widget-heading\" data-id=\"1544fe5\" data-element_type=\"widget\" data-e-type=\"widget\" data-widget_type=\"heading.default\">\n\t\t\t\t<div class=\"elementor-widget-container\">\n\t\t\t\t\t<h2 class=\"elementor-heading-title elementor-size-default\"><b>On prend un caf\u00e9?<\/b> C'est offert par la maison \ud83d\ude42<\/h2>\t\t\t\t<\/div>\n\t\t\t\t<\/div>\n\t\t\t\t<div class=\"elementor-element elementor-element-304ecd8 elementor-widget elementor-widget-text-editor\" data-id=\"304ecd8\" data-element_type=\"widget\" data-e-type=\"widget\" data-widget_type=\"text-editor.default\">\n\t\t\t\t<div class=\"elementor-widget-container\">\n\t\t\t\t\t\t\t\t\t<p>Nous sommes ravies de te rencontrer!<\/p>\n<p>Il est id\u00e9al que tu r\u00e9serves une visite dans le calendrier avant de venir, afin que nous soyons pr\u00eates \u00e0 t&rsquo;accueillir et que cela ne nous prenne pas par surprise.<\/p>\n<p>Nous serons enchant\u00e9es de te montrer personnellement ce qui rend notre espace de coworking si sp\u00e9cial.<\/p>\n<p>\u00c0 bient\u00f4t \ud83d\ude42<\/p>\n<p>Llum Coworking<\/p>\n\t\t\t\t\t\t\t\t<\/div>\n\t\t\t\t<\/div>\n\t\t\t\t<\/div>\n\t\t\t\t<div class=\"elementor-element elementor-element-e9433c0 elementor-widget__width-initial elementor-widget-mobile__width-inherit elementor-widget elementor-widget-html\" data-id=\"e9433c0\" data-element_type=\"widget\" data-e-type=\"widget\" data-widget_type=\"html.default\">\n\t\t\t\t<div class=\"elementor-widget-container\">\n\t\t\t\t\t<!-- Principio del widget integrado de Calendly -->\n<div class=\"calendly-inline-widget\" data-url=\"https:\/\/calendly.com\/llumcoworkingcolon\/30min?hide_event_type_details=1&amp;hide_gdpr_banner=1&amp;text_color=3d3d3d&amp;primary_color=e7be4c\" style=\"min-width:320px;height:1080px;\"><\/div>\n<script type=\"text\/javascript\" src=\"https:\/\/assets.calendly.com\/assets\/external\/widget.js\" async=\"\"><\/script>\n<!-- Final del widget integrado de Calendly -->\t\t\t\t<\/div>\n\t\t\t\t<\/div>\n\t\t\t\t<\/div>\n\t\t\t\t<\/div>\n\t\t","protected":false},"excerpt":{"rendered":"<p>On prend un caf\u00e9? C&rsquo;est offert par la maison \ud83d\ude42 Nous sommes ravies de te rencontrer! Il est id\u00e9al que tu r\u00e9serves une visite dans le calendrier avant de venir, afin que nous soyons pr\u00eates \u00e0 t&rsquo;accueillir et que cela ne nous prenne pas par surprise. Nous serons enchant\u00e9es de te montrer personnellement ce qui [&hellip;]<\/p>\n","protected":false},"author":1,"featured_media":0,"parent":0,"menu_order":0,"comment_status":"closed","ping_status":"closed","template":"elementor_header_footer","meta":{"footnotes":""},"class_list":["post-10808","page","type-page","status-publish","hentry"],"yoast_head":"<!-- This site is optimized with the Yoast SEO plugin v27.2 - https:\/\/yoast.com\/product\/yoast-seo-wordpress\/ -->\n<title>Demander une visite - Llum Coworking Valencia<\/title>\n<meta name=\"robots\" content=\"index, follow, max-snippet:-1, max-image-preview:large, max-video-preview:-1\" \/>\n<link rel=\"canonical\" href=\"https:\/\/llumcoworking.com\/fr\/demander-une-visite\/\" \/>\n<meta property=\"og:locale\" content=\"fr_FR\" \/>\n<meta property=\"og:type\" content=\"article\" \/>\n<meta property=\"og:title\" content=\"Demander une visite - Llum Coworking Valencia\" \/>\n<meta property=\"og:description\" content=\"On prend un caf\u00e9? C&rsquo;est offert par la maison \ud83d\ude42 Nous sommes ravies de te rencontrer! Il est id\u00e9al que tu r\u00e9serves une visite dans le calendrier avant de venir, afin que nous soyons pr\u00eates \u00e0 t&rsquo;accueillir et que cela ne nous prenne pas par surprise. Nous serons enchant\u00e9es de te montrer personnellement ce qui [&hellip;]\" \/>\n<meta property=\"og:url\" content=\"https:\/\/llumcoworking.com\/fr\/demander-une-visite\/\" \/>\n<meta property=\"og:site_name\" content=\"Llum Coworking Valencia\" \/>\n<meta property=\"article:modified_time\" content=\"2024-04-22T08:45:53+00:00\" \/>\n<meta name=\"twitter:card\" content=\"summary_large_image\" \/>\n<script type=\"application\/ld+json\" class=\"yoast-schema-graph\">{\"@context\":\"https:\/\/schema.org\",\"@graph\":[{\"@type\":\"WebPage\",\"@id\":\"https:\/\/llumcoworking.com\/fr\/demander-une-visite\/\",\"url\":\"https:\/\/llumcoworking.com\/fr\/demander-une-visite\/\",\"name\":\"Demander une visite - Llum Coworking Valencia\",\"isPartOf\":{\"@id\":\"https:\/\/llumcoworking.com\/#website\"},\"datePublished\":\"2024-03-01T15:23:19+00:00\",\"dateModified\":\"2024-04-22T08:45:53+00:00\",\"breadcrumb\":{\"@id\":\"https:\/\/llumcoworking.com\/fr\/demander-une-visite\/#breadcrumb\"},\"inLanguage\":\"fr-FR\",\"potentialAction\":[{\"@type\":\"ReadAction\",\"target\":[\"https:\/\/llumcoworking.com\/fr\/demander-une-visite\/\"]}]},{\"@type\":\"BreadcrumbList\",\"@id\":\"https:\/\/llumcoworking.com\/fr\/demander-une-visite\/#breadcrumb\",\"itemListElement\":[{\"@type\":\"ListItem\",\"position\":1,\"name\":\"Portada\",\"item\":\"https:\/\/llumcoworking.com\/\"},{\"@type\":\"ListItem\",\"position\":2,\"name\":\"Demander une visite\"}]},{\"@type\":\"WebSite\",\"@id\":\"https:\/\/llumcoworking.com\/#website\",\"url\":\"https:\/\/llumcoworking.com\/\",\"name\":\"Llum Coworking Valencia\",\"description\":\"\",\"potentialAction\":[{\"@type\":\"SearchAction\",\"target\":{\"@type\":\"EntryPoint\",\"urlTemplate\":\"https:\/\/llumcoworking.com\/?s={search_term_string}\"},\"query-input\":{\"@type\":\"PropertyValueSpecification\",\"valueRequired\":true,\"valueName\":\"search_term_string\"}}],\"inLanguage\":\"fr-FR\"}]}<\/script>\n<!-- \/ Yoast SEO plugin. -->","yoast_head_json":{"title":"Demander une visite - Llum Coworking Valencia","robots":{"index":"index","follow":"follow","max-snippet":"max-snippet:-1","max-image-preview":"max-image-preview:large","max-video-preview":"max-video-preview:-1"},"canonical":"https:\/\/llumcoworking.com\/fr\/demander-une-visite\/","og_locale":"fr_FR","og_type":"article","og_title":"Demander une visite - Llum Coworking Valencia","og_description":"On prend un caf\u00e9? C&rsquo;est offert par la maison \ud83d\ude42 Nous sommes ravies de te rencontrer! Il est id\u00e9al que tu r\u00e9serves une visite dans le calendrier avant de venir, afin que nous soyons pr\u00eates \u00e0 t&rsquo;accueillir et que cela ne nous prenne pas par surprise. Nous serons enchant\u00e9es de te montrer personnellement ce qui [&hellip;]","og_url":"https:\/\/llumcoworking.com\/fr\/demander-une-visite\/","og_site_name":"Llum Coworking Valencia","article_modified_time":"2024-04-22T08:45:53+00:00","twitter_card":"summary_large_image","schema":{"@context":"https:\/\/schema.org","@graph":[{"@type":"WebPage","@id":"https:\/\/llumcoworking.com\/fr\/demander-une-visite\/","url":"https:\/\/llumcoworking.com\/fr\/demander-une-visite\/","name":"Demander une visite - Llum Coworking Valencia","isPartOf":{"@id":"https:\/\/llumcoworking.com\/#website"},"datePublished":"2024-03-01T15:23:19+00:00","dateModified":"2024-04-22T08:45:53+00:00","breadcrumb":{"@id":"https:\/\/llumcoworking.com\/fr\/demander-une-visite\/#breadcrumb"},"inLanguage":"fr-FR","potentialAction":[{"@type":"ReadAction","target":["https:\/\/llumcoworking.com\/fr\/demander-une-visite\/"]}]},{"@type":"BreadcrumbList","@id":"https:\/\/llumcoworking.com\/fr\/demander-une-visite\/#breadcrumb","itemListElement":[{"@type":"ListItem","position":1,"name":"Portada","item":"https:\/\/llumcoworking.com\/"},{"@type":"ListItem","position":2,"name":"Demander une visite"}]},{"@type":"WebSite","@id":"https:\/\/llumcoworking.com\/#website","url":"https:\/\/llumcoworking.com\/","name":"Llum Coworking Valencia","description":"","potentialAction":[{"@type":"SearchAction","target":{"@type":"EntryPoint","urlTemplate":"https:\/\/llumcoworking.com\/?s={search_term_string}"},"query-input":{"@type":"PropertyValueSpecification","valueRequired":true,"valueName":"search_term_string"}}],"inLanguage":"fr-FR"}]}},"_links":{"self":[{"href":"https:\/\/llumcoworking.com\/fr\/wp-json\/wp\/v2\/pages\/10808","targetHints":{"allow":["GET"]}}],"collection":[{"href":"https:\/\/llumcoworking.com\/fr\/wp-json\/wp\/v2\/pages"}],"about":[{"href":"https:\/\/llumcoworking.com\/fr\/wp-json\/wp\/v2\/types\/page"}],"author":[{"embeddable":true,"href":"https:\/\/llumcoworking.com\/fr\/wp-json\/wp\/v2\/users\/1"}],"replies":[{"embeddable":true,"href":"https:\/\/llumcoworking.com\/fr\/wp-json\/wp\/v2\/comments?post=10808"}],"version-history":[{"count":0,"href":"https:\/\/llumcoworking.com\/fr\/wp-json\/wp\/v2\/pages\/10808\/revisions"}],"wp:attachment":[{"href":"https:\/\/llumcoworking.com\/fr\/wp-json\/wp\/v2\/media?parent=10808"}],"curies":[{"name":"wp","href":"https:\/\/api.w.org\/{rel}","templated":true}]}}