{"id":10810,"date":"2024-02-18T15:14:49","date_gmt":"2024-02-18T15:14:49","guid":{"rendered":"https:\/\/llumcoworking.com\/mentions-legales\/"},"modified":"2024-04-11T11:00:15","modified_gmt":"2024-04-11T11:00:15","slug":"mentions-legales","status":"publish","type":"page","link":"https:\/\/llumcoworking.com\/fr\/mentions-legales\/","title":{"rendered":"Mentions L\u00e9gales"},"content":{"rendered":"\t\t<div data-elementor-type=\"wp-page\" data-elementor-id=\"10810\" class=\"elementor elementor-10810 elementor-105\" data-elementor-post-type=\"page\">\n\t\t\t\t<div class=\"elementor-element elementor-element-6700282 e-con-full e-flex e-con e-parent\" data-id=\"6700282\" data-element_type=\"container\" data-e-type=\"container\">\n\t\t\t\t<div class=\"elementor-element elementor-element-28041cc elementor-widget elementor-widget-heading\" data-id=\"28041cc\" data-element_type=\"widget\" data-e-type=\"widget\" data-widget_type=\"heading.default\">\n\t\t\t\t<div class=\"elementor-widget-container\">\n\t\t\t\t\t<h2 class=\"elementor-heading-title elementor-size-default\">Mentions L\u00e9gales<\/h2>\t\t\t\t<\/div>\n\t\t\t\t<\/div>\n\t\t\t\t<div class=\"elementor-element elementor-element-de9e6e2 elementor-widget elementor-widget-text-editor\" data-id=\"de9e6e2\" data-element_type=\"widget\" data-e-type=\"widget\" data-widget_type=\"text-editor.default\">\n\t\t\t\t<div class=\"elementor-widget-container\">\n\t\t\t\t\t\t\t\t\t<p>Le fait d&rsquo;acc\u00e9der \u00e0 ce site web implique la connaissance et l&rsquo;acceptation des termes et conditions suivants et attribue la condition d&rsquo;utilisateur du site web. L&rsquo;acc\u00e8s \u00e0 celui-ci implique son acceptation sans r\u00e9serves. Dans le cas o\u00f9 l&rsquo;utilisateur n&rsquo;accepte pas les clauses \u00e9tablies dans le pr\u00e9sent Avis L\u00e9gal, il devra s&rsquo;abstenir d&rsquo;acc\u00e9der et\/ou d&rsquo;utiliser les services et\/ou contenus mis \u00e0 sa disposition sur la page, et proc\u00e9der \u00e0 la quitter.<\/p>\n<p><strong>PROPRI\u00c9T\u00c9 DU SITE WEB<\/strong><\/p>\n<p>ARSAHE DESIGN SL, conform\u00e9ment \u00e0 ce qui est \u00e9tabli dans l&rsquo;Art. 10 de la Loi 34\/2002, du 11 juillet, sur les Services de la Soci\u00e9t\u00e9 de l&rsquo;Information et du Commerce \u00c9lectronique (LSSI-CE), vous informe des donn\u00e9es d&rsquo;identification relatives au site web <a href=\"http:\/\/www.llumcoworking.com\/\">www.llumcoworking.com.<\/a><\/p>\n<ul>\n<li>ARSAHE DESIGN SL<\/li>\n<li>C\/ Col\u00f3n, 10 puerta 13 planta 6\u00aa \u2013 46004 Valencia<\/li>\n<li>+(34) 616454050<\/li>\n<li>CIF: B16862393<\/li>\n<li><span style=\"color: #333333;\"><a style=\"color: #333333;\" href=\"mailto:info@llumcoworking.com\">info@llumcoworking.com<\/a><\/span><\/li>\n<\/ul>\n<p><strong>Conditions d\u2019utilisation<\/strong><\/p>\n<\/p>\n<p><strong>UTILISATEURS<\/strong><\/p>\n<p>L&rsquo;acc\u00e8s et\/ou l&rsquo;utilisation de ce portail de ARSAHE DESIGN SL attribue la condition d&rsquo;UTILISATEUR, qui accepte, d\u00e8s cet acc\u00e8s et\/ou utilisation, les Conditions G\u00e9n\u00e9rales d&rsquo;Utilisation ici refl\u00e9t\u00e9es. Lesdites Conditions seront applicables ind\u00e9pendamment des Conditions G\u00e9n\u00e9rales de Contrat qui, le cas \u00e9ch\u00e9ant, doivent \u00eatre respect\u00e9es.<\/p>\n<\/p>\n<p><strong>UTILISATION DU SITE WEB<\/strong><\/p>\n<p><span style=\"color: #333333;\"><a style=\"color: #333333;\" href=\"http:\/\/www.llumcoworking.com\/\">www.llumcoworking.com<\/a><\/span> offre l&rsquo;acc\u00e8s \u00e0 une multitude d&rsquo;informations, services ou donn\u00e9es (ci-apr\u00e8s, \u00ab\u00a0les contenus\u00a0\u00bb) sur Internet appartenant \u00e0 ARSAHE DESIGN SL auxquels l&rsquo;UTILISATEUR peut avoir acc\u00e8s. L&rsquo;UTILISATEUR assume la responsabilit\u00e9 de l&rsquo;utilisation du portail. Cette responsabilit\u00e9 s&rsquo;\u00e9tend \u00e0 l&rsquo;enregistrement qui pourrait \u00eatre n\u00e9cessaire pour acc\u00e9der \u00e0 certains services ou contenus.<\/p>\n<p>Dans cet enregistrement, l&rsquo;UTILISATEUR sera responsable de fournir des informations v\u00e9ridiques et l\u00e9gales. En cons\u00e9quence de cet enregistrement, il est possible que l&rsquo;UTILISATEUR re\u00e7oive un mot de passe dont il sera responsable, s&rsquo;engageant \u00e0 en faire un usage diligent et confidentiel. L&rsquo;UTILISATEUR s&rsquo;engage \u00e0 utiliser de mani\u00e8re appropri\u00e9e les contenus et services (comme par exemple les services de chat, forums de discussion ou groupes de nouvelles) que ARSAHE DESIGN SL offre \u00e0 travers son portail et, de mani\u00e8re \u00e9nonciative mais non limitative, \u00e0 ne pas les employer pour : (I) se livrer \u00e0 des activit\u00e9s illicites, ill\u00e9gales ou contraires \u00e0 la bonne foi et \u00e0 l&rsquo;ordre public ; (II) diffuser des contenus ou de la propagande de caract\u00e8re raciste, x\u00e9nophobe, pornographique-ill\u00e9gal, faisant l&rsquo;apologie du terrorisme ou portant atteinte aux droits de l&rsquo;homme ; (III) provoquer des dommages aux syst\u00e8mes physiques et logiques de ARSAHE DESIGN SL, de ses fournisseurs ou de tiers, introduire ou diffuser sur le r\u00e9seau des virus informatiques ou tout autre syst\u00e8me physique ou logique susceptible de provoquer les dommages pr\u00e9c\u00e9demment mentionn\u00e9s ; (IV) tenter d&rsquo;acc\u00e9der et, le cas \u00e9ch\u00e9ant, d&rsquo;utiliser les comptes de messagerie \u00e9lectronique d&rsquo;autres utilisateurs et de modifier ou manipuler leurs messages. ARSAHE DESIGN SL se r\u00e9serve le droit de retirer tous les commentaires et contributions qui portent atteinte au respect de la dignit\u00e9 de la personne, qui sont discriminatoires, x\u00e9nophobes, racistes, pornographiques, qui menacent la jeunesse ou l&rsquo;enfance, l&rsquo;ordre ou la s\u00e9curit\u00e9 publique ou qui, \u00e0 son jugement, ne seraient pas appropri\u00e9s pour publication. En tout \u00e9tat de cause, ARSAHE DESIGN SL ne sera pas responsable des opinions exprim\u00e9es par les utilisateurs \u00e0 travers les forums, chats ou autres outils de participation.<\/p>\n<\/p>\n<p><strong>PROPRI\u00c9T\u00c9 INTELLECTUELLE ET INDUSTRIELLE<\/strong><\/p>\n<p>ARSAHE DESIGN SL, par lui-m\u00eame ou en tant que cessionnaire, d\u00e9tient tous les droits de propri\u00e9t\u00e9 intellectuelle et industrielle de son site web, ainsi que des \u00e9l\u00e9ments qu&rsquo;il contient (\u00e0 titre indicatif, images, son, audio, vid\u00e9o, logiciels ou textes ; marques ou logos, combinaisons de couleurs, structure et design, s\u00e9lection de mat\u00e9riaux utilis\u00e9s, programmes informatiques n\u00e9cessaires \u00e0 son fonctionnement, acc\u00e8s et utilisation, etc.), propri\u00e9t\u00e9 de ARSAHE DESIGN SL ou de ses conc\u00e9dants de licence.<\/p>\n<p><strong>Tous droits r\u00e9serv\u00e9s:<\/strong> Conform\u00e9ment aux dispositions des articles 8 et 32.1, deuxi\u00e8me paragraphe, de la Loi sur la Propri\u00e9t\u00e9 Intellectuelle, sont express\u00e9ment interdites la reproduction, la distribution et la communication publique, y compris sa modalit\u00e9 de mise \u00e0 disposition, de la totalit\u00e9 ou partie des contenus de ce site web, \u00e0 des fins commerciales, sur tout support et par tout moyen technique, sans l&rsquo;autorisation de ARSAHE DESIGN SL. L&rsquo;UTILISATEUR s&rsquo;engage \u00e0 respecter les droits de Propri\u00e9t\u00e9 Intellectuelle et Industrielle d\u00e9tenus par ARSAHE DESIGN SL. Il pourra visualiser les \u00e9l\u00e9ments du portail et m\u00eame les imprimer, les copier et les stocker sur le disque dur de son ordinateur ou sur tout autre support physique uniquement pour son usage personnel et priv\u00e9. L&rsquo;UTILISATEUR s&rsquo;engage \u00e0 respecter les droits de Propri\u00e9t\u00e9 Intellectuelle et Industrielle d\u00e9tenus par ARSAHE DESIGN SL. Il pourra visualiser les \u00e9l\u00e9ments du portail et m\u00eame les imprimer, les copier et les stocker sur le disque dur de son ordinateur ou sur tout autre support physique uniquement pour son usage personnel et priv\u00e9. L&rsquo;UTILISATEUR devra s&rsquo;abstenir de supprimer, alt\u00e9rer, contourner ou manipuler tout dispositif de protection ou syst\u00e8me de s\u00e9curit\u00e9 install\u00e9 sur les pages de ARSAHE DESIGN SL.<\/p>\n<\/p>\n<p><strong>EXCLUSION DE GARANTIES ET DE RESPONSABILIT\u00c9<\/strong><\/p>\n<p>ARSAHE DESIGN SL n&rsquo;assume aucune responsabilit\u00e9, en aucun cas, pour les dommages de toute nature qui pourraient \u00eatre caus\u00e9s par, \u00e0 titre d&rsquo;exemple : erreurs ou omissions dans les contenus, absence de disponibilit\u00e9 du portail ou la transmission de virus ou programmes malveillants ou nuisibles dans les contenus, malgr\u00e9 avoir adopt\u00e9 toutes les mesures technologiques n\u00e9cessaires pour l&rsquo;\u00e9viter.<\/p>\n<\/p>\n<p><strong>MODIFICATIONS<\/strong><\/p>\n<p>ARSAHE DESIGN SL se r\u00e9serve le droit d&rsquo;effectuer sans pr\u00e9avis les modifications qu&rsquo;elle juge opportunes sur son portail, pouvant changer, supprimer ou ajouter tant les contenus et services fournis \u00e0 travers celui-ci que la mani\u00e8re dont ils sont pr\u00e9sent\u00e9s ou localis\u00e9s sur son portail.<\/p>\n<\/p>\n<p><strong>LIENS<\/strong><\/p>\n<p><span style=\"color: #333333;\">Dans le cas o\u00f9 <a style=\"color: #333333;\" href=\"http:\/\/www.llumcoworking.com\/\">www.llumcoworking.com<\/a> disposerait de liens ou d&rsquo;hyperliens vers d&rsquo;autres sites Internet, ARSAHE DESIGN SL n&rsquo;exercera aucun type de contr\u00f4le sur ces sites et contenus. En aucun cas ARSAHE DESIGN SL n&rsquo;assumera de responsabilit\u00e9 pour les contenus d&rsquo;un lien appartenant \u00e0 un site web \u00e9tranger, ni ne garantira la disponibilit\u00e9 technique, la qualit\u00e9, la fiabilit\u00e9, l&rsquo;exactitude, l&rsquo;amplitude, la v\u00e9racit\u00e9, la validit\u00e9 et la constitutionnalit\u00e9 de tout mat\u00e9riel ou information contenue dans aucun de ces hyperliens ou autres sites Internet.<\/span><\/p>\n<p>De m\u00eame, l&rsquo;inclusion de ces connexions externes n&rsquo;impliquera aucun type d&rsquo;association, de fusion ou de participation avec les entit\u00e9s connect\u00e9es.<\/p>\n<\/p>\n<p><strong>DROIT D&rsquo;EXCLUSION<\/strong><\/p>\n<p>ARSAHE DESIGN SL se r\u00e9serve le droit de refuser ou de retirer l&rsquo;acc\u00e8s au portail et\/ou aux services offerts sans besoin de pr\u00e9avis, de sa propre initiative ou \u00e0 celle d&rsquo;un tiers, aux utilisateurs qui ne respectent pas les pr\u00e9sentes Conditions G\u00e9n\u00e9rales d&rsquo;Utilisation.<\/p>\n<\/p>\n<p><strong>G\u00c9N\u00c9RALIT\u00c9S<\/strong><\/p>\n<p>ARSAHE DESIGN SL poursuivra la violation de ces conditions ainsi que toute utilisation abusive de son portail en exer\u00e7ant toutes les actions civiles et p\u00e9nales qui peuvent lui correspondre en droit.<\/p>\n<\/p>\n<p><strong>MODIFICATION DE CES CONDITIONS ET DUR\u00c9E<\/strong><\/p>\n<p>ARSAHE DESIGN SL peut modifier \u00e0 tout moment les conditions d\u00e9termin\u00e9es ici, \u00e9tant d\u00fbment publi\u00e9es telles qu&rsquo;elles apparaissent ici.<\/p>\n<p>La validit\u00e9 des conditions cit\u00e9es d\u00e9pend de leur exposition et elles resteront en vigueur jusqu&rsquo;\u00e0 ce qu&rsquo;elles soient modifi\u00e9es par d&rsquo;autres d\u00fbment publi\u00e9es.<\/p>\n<\/p>\n<p><strong>L\u00c9GISLATION APPLICABLE ET JURIDICTION<\/strong><\/p>\n<p>Les termes et conditions qui r\u00e9gissent ce site web ainsi que les relations qui pourraient en d\u00e9couler sont prot\u00e9g\u00e9s et restent soumis \u00e0 la l\u00e9gislation espagnole. Pour la r\u00e9solution de tout type de controverse, litige ou divergence qui pourrait survenir entre l&rsquo;UTILISATEUR et ARSAHE DESIGN SL par l&rsquo;utilisation de ce site web, il est convenu de soumettre ceux-ci aux Tribunaux et Cours de Valence, Espagne.<\/p>\n\t\t\t\t\t\t\t\t<\/div>\n\t\t\t\t<\/div>\n\t\t\t\t<\/div>\n\t\t\t\t<\/div>\n\t\t","protected":false},"excerpt":{"rendered":"<p>Le fait d&rsquo;acc\u00e9der \u00e0 ce site web implique la connaissance et l&rsquo;acceptation des termes et conditions suivants et attribue la condition d&rsquo;utilisateur du site web. L&rsquo;acc\u00e8s \u00e0 celui-ci implique son acceptation sans r\u00e9serves. Dans le cas o\u00f9 l&rsquo;utilisateur n&rsquo;accepte pas les clauses \u00e9tablies dans le pr\u00e9sent Avis L\u00e9gal, il devra s&rsquo;abstenir d&rsquo;acc\u00e9der et\/ou d&rsquo;utiliser les [&hellip;]<\/p>\n","protected":false},"author":1,"featured_media":0,"parent":0,"menu_order":0,"comment_status":"closed","ping_status":"closed","template":"elementor_header_footer","meta":{"footnotes":""},"class_list":["post-10810","page","type-page","status-publish","hentry"],"yoast_head":"<!-- This site is optimized with the Yoast SEO plugin v27.2 - https:\/\/yoast.com\/product\/yoast-seo-wordpress\/ -->\n<title>Mentions L\u00e9gales - Llum Coworking Valencia<\/title>\n<meta name=\"robots\" content=\"noindex, nofollow\" \/>\n<meta property=\"og:locale\" content=\"fr_FR\" \/>\n<meta property=\"og:type\" content=\"article\" \/>\n<meta property=\"og:title\" content=\"Mentions L\u00e9gales - Llum Coworking Valencia\" \/>\n<meta property=\"og:description\" content=\"Le fait d&rsquo;acc\u00e9der \u00e0 ce site web implique la connaissance et l&rsquo;acceptation des termes et conditions suivants et attribue la condition d&rsquo;utilisateur du site web. L&rsquo;acc\u00e8s \u00e0 celui-ci implique son acceptation sans r\u00e9serves. Dans le cas o\u00f9 l&rsquo;utilisateur n&rsquo;accepte pas les clauses \u00e9tablies dans le pr\u00e9sent Avis L\u00e9gal, il devra s&rsquo;abstenir d&rsquo;acc\u00e9der et\/ou d&rsquo;utiliser les [&hellip;]\" \/>\n<meta property=\"og:url\" content=\"https:\/\/llumcoworking.com\/fr\/mentions-legales\/\" \/>\n<meta property=\"og:site_name\" content=\"Llum Coworking Valencia\" \/>\n<meta property=\"article:modified_time\" content=\"2024-04-11T11:00:15+00:00\" \/>\n<meta name=\"twitter:card\" content=\"summary_large_image\" \/>\n<meta name=\"twitter:label1\" content=\"Dur\u00e9e de lecture estim\u00e9e\" \/>\n\t<meta name=\"twitter:data1\" content=\"6 minutes\" \/>\n<script type=\"application\/ld+json\" class=\"yoast-schema-graph\">{\"@context\":\"https:\/\/schema.org\",\"@graph\":[{\"@type\":\"WebPage\",\"@id\":\"https:\/\/llumcoworking.com\/fr\/mentions-legales\/\",\"url\":\"https:\/\/llumcoworking.com\/fr\/mentions-legales\/\",\"name\":\"Mentions L\u00e9gales - Llum Coworking Valencia\",\"isPartOf\":{\"@id\":\"https:\/\/llumcoworking.com\/#website\"},\"datePublished\":\"2024-02-18T15:14:49+00:00\",\"dateModified\":\"2024-04-11T11:00:15+00:00\",\"breadcrumb\":{\"@id\":\"https:\/\/llumcoworking.com\/fr\/mentions-legales\/#breadcrumb\"},\"inLanguage\":\"fr-FR\",\"potentialAction\":[{\"@type\":\"ReadAction\",\"target\":[\"https:\/\/llumcoworking.com\/fr\/mentions-legales\/\"]}]},{\"@type\":\"BreadcrumbList\",\"@id\":\"https:\/\/llumcoworking.com\/fr\/mentions-legales\/#breadcrumb\",\"itemListElement\":[{\"@type\":\"ListItem\",\"position\":1,\"name\":\"Portada\",\"item\":\"https:\/\/llumcoworking.com\/\"},{\"@type\":\"ListItem\",\"position\":2,\"name\":\"Mentions L\u00e9gales\"}]},{\"@type\":\"WebSite\",\"@id\":\"https:\/\/llumcoworking.com\/#website\",\"url\":\"https:\/\/llumcoworking.com\/\",\"name\":\"Llum Coworking Valencia\",\"description\":\"\",\"potentialAction\":[{\"@type\":\"SearchAction\",\"target\":{\"@type\":\"EntryPoint\",\"urlTemplate\":\"https:\/\/llumcoworking.com\/?s={search_term_string}\"},\"query-input\":{\"@type\":\"PropertyValueSpecification\",\"valueRequired\":true,\"valueName\":\"search_term_string\"}}],\"inLanguage\":\"fr-FR\"}]}<\/script>\n<!-- \/ Yoast SEO plugin. -->","yoast_head_json":{"title":"Mentions L\u00e9gales - Llum Coworking Valencia","robots":{"index":"noindex","follow":"nofollow"},"og_locale":"fr_FR","og_type":"article","og_title":"Mentions L\u00e9gales - Llum Coworking Valencia","og_description":"Le fait d&rsquo;acc\u00e9der \u00e0 ce site web implique la connaissance et l&rsquo;acceptation des termes et conditions suivants et attribue la condition d&rsquo;utilisateur du site web. L&rsquo;acc\u00e8s \u00e0 celui-ci implique son acceptation sans r\u00e9serves. Dans le cas o\u00f9 l&rsquo;utilisateur n&rsquo;accepte pas les clauses \u00e9tablies dans le pr\u00e9sent Avis L\u00e9gal, il devra s&rsquo;abstenir d&rsquo;acc\u00e9der et\/ou d&rsquo;utiliser les [&hellip;]","og_url":"https:\/\/llumcoworking.com\/fr\/mentions-legales\/","og_site_name":"Llum Coworking Valencia","article_modified_time":"2024-04-11T11:00:15+00:00","twitter_card":"summary_large_image","twitter_misc":{"Dur\u00e9e de lecture estim\u00e9e":"6 minutes"},"schema":{"@context":"https:\/\/schema.org","@graph":[{"@type":"WebPage","@id":"https:\/\/llumcoworking.com\/fr\/mentions-legales\/","url":"https:\/\/llumcoworking.com\/fr\/mentions-legales\/","name":"Mentions L\u00e9gales - Llum Coworking Valencia","isPartOf":{"@id":"https:\/\/llumcoworking.com\/#website"},"datePublished":"2024-02-18T15:14:49+00:00","dateModified":"2024-04-11T11:00:15+00:00","breadcrumb":{"@id":"https:\/\/llumcoworking.com\/fr\/mentions-legales\/#breadcrumb"},"inLanguage":"fr-FR","potentialAction":[{"@type":"ReadAction","target":["https:\/\/llumcoworking.com\/fr\/mentions-legales\/"]}]},{"@type":"BreadcrumbList","@id":"https:\/\/llumcoworking.com\/fr\/mentions-legales\/#breadcrumb","itemListElement":[{"@type":"ListItem","position":1,"name":"Portada","item":"https:\/\/llumcoworking.com\/"},{"@type":"ListItem","position":2,"name":"Mentions L\u00e9gales"}]},{"@type":"WebSite","@id":"https:\/\/llumcoworking.com\/#website","url":"https:\/\/llumcoworking.com\/","name":"Llum Coworking Valencia","description":"","potentialAction":[{"@type":"SearchAction","target":{"@type":"EntryPoint","urlTemplate":"https:\/\/llumcoworking.com\/?s={search_term_string}"},"query-input":{"@type":"PropertyValueSpecification","valueRequired":true,"valueName":"search_term_string"}}],"inLanguage":"fr-FR"}]}},"_links":{"self":[{"href":"https:\/\/llumcoworking.com\/fr\/wp-json\/wp\/v2\/pages\/10810","targetHints":{"allow":["GET"]}}],"collection":[{"href":"https:\/\/llumcoworking.com\/fr\/wp-json\/wp\/v2\/pages"}],"about":[{"href":"https:\/\/llumcoworking.com\/fr\/wp-json\/wp\/v2\/types\/page"}],"author":[{"embeddable":true,"href":"https:\/\/llumcoworking.com\/fr\/wp-json\/wp\/v2\/users\/1"}],"replies":[{"embeddable":true,"href":"https:\/\/llumcoworking.com\/fr\/wp-json\/wp\/v2\/comments?post=10810"}],"version-history":[{"count":0,"href":"https:\/\/llumcoworking.com\/fr\/wp-json\/wp\/v2\/pages\/10810\/revisions"}],"wp:attachment":[{"href":"https:\/\/llumcoworking.com\/fr\/wp-json\/wp\/v2\/media?parent=10810"}],"curies":[{"name":"wp","href":"https:\/\/api.w.org\/{rel}","templated":true}]}}