{"id":10872,"date":"2024-04-11T13:37:53","date_gmt":"2024-04-11T12:37:53","guid":{"rendered":"https:\/\/llumcoworking.com\/merci\/"},"modified":"2024-04-11T14:05:33","modified_gmt":"2024-04-11T14:05:33","slug":"merci","status":"publish","type":"page","link":"https:\/\/llumcoworking.com\/fr\/merci\/","title":{"rendered":"MERCI"},"content":{"rendered":"\t\t<div data-elementor-type=\"wp-page\" data-elementor-id=\"10872\" class=\"elementor elementor-10872 elementor-10862\" data-elementor-post-type=\"page\">\n\t\t\t\t<div class=\"elementor-element elementor-element-319c6c7 e-flex e-con-boxed e-con e-parent\" data-id=\"319c6c7\" data-element_type=\"container\" data-e-type=\"container\">\n\t\t\t\t\t<div class=\"e-con-inner\">\n\t\t\t\t<div class=\"elementor-element elementor-element-6d9e75d elementor-align-center elementor-widget elementor-widget-lottie\" data-id=\"6d9e75d\" data-element_type=\"widget\" data-e-type=\"widget\" data-settings=\"{&quot;source_json&quot;:{&quot;url&quot;:&quot;https:\\\/\\\/llumcoworking.com\\\/wp-content\\\/uploads\\\/2024\\\/02\\\/Capa_1-3.json&quot;,&quot;id&quot;:198,&quot;size&quot;:&quot;&quot;,&quot;alt&quot;:&quot;&quot;,&quot;source&quot;:&quot;library&quot;},&quot;loop&quot;:&quot;yes&quot;,&quot;start_point&quot;:{&quot;unit&quot;:&quot;%&quot;,&quot;size&quot;:52,&quot;sizes&quot;:[]},&quot;source&quot;:&quot;media_file&quot;,&quot;caption_source&quot;:&quot;none&quot;,&quot;link_to&quot;:&quot;none&quot;,&quot;trigger&quot;:&quot;arriving_to_viewport&quot;,&quot;viewport&quot;:{&quot;unit&quot;:&quot;%&quot;,&quot;size&quot;:&quot;&quot;,&quot;sizes&quot;:{&quot;start&quot;:0,&quot;end&quot;:100}},&quot;play_speed&quot;:{&quot;unit&quot;:&quot;px&quot;,&quot;size&quot;:1,&quot;sizes&quot;:[]},&quot;end_point&quot;:{&quot;unit&quot;:&quot;%&quot;,&quot;size&quot;:100,&quot;sizes&quot;:[]},&quot;renderer&quot;:&quot;svg&quot;}\" data-widget_type=\"lottie.default\">\n\t\t\t\t<div class=\"elementor-widget-container\">\n\t\t\t\t\t<div class=\"e-lottie__container\"><div class=\"e-lottie__animation\"><\/div><\/div>\t\t\t\t<\/div>\n\t\t\t\t<\/div>\n\t\t\t\t<div class=\"elementor-element elementor-element-5b919f9 elementor-widget elementor-widget-heading\" data-id=\"5b919f9\" data-element_type=\"widget\" data-e-type=\"widget\" data-widget_type=\"heading.default\">\n\t\t\t\t<div class=\"elementor-widget-container\">\n\t\t\t\t\t<h2 class=\"elementor-heading-title elementor-size-default\">Merci pour votre achat !<\/h2>\t\t\t\t<\/div>\n\t\t\t\t<\/div>\n\t\t\t\t<div class=\"elementor-element elementor-element-3d15f00 elementor-widget elementor-widget-text-editor\" data-id=\"3d15f00\" data-element_type=\"widget\" data-e-type=\"widget\" data-widget_type=\"text-editor.default\">\n\t\t\t\t<div class=\"elementor-widget-container\">\n\t\t\t\t\t\t\t\t\t<p><strong>Si vous avez r\u00e9serv\u00e9 une place flexible, il est important que vous v\u00e9rifiiez votre bo\u00eete de r\u00e9ception<\/strong> (il se peut qu&rsquo;elle soit dans SPAM) car nous vous avons envoy\u00e9 une confirmation de r\u00e9servation et des instructions sur la mani\u00e8re de r\u00e9server votre table avant votre arriv\u00e9e.<\/p>\n<p>Si vous avez r\u00e9serv\u00e9 la salle de r\u00e9union, nous nous rencontrerons \u00e0 la date et \u00e0 l&rsquo;heure convenues.<\/p>\n<p>A bient\u00f4t !<\/p>\n\t\t\t\t\t\t\t\t<\/div>\n\t\t\t\t<\/div>\n\t\t\t\t<div class=\"elementor-element elementor-element-4a3aedd elementor-align-center elementor-widget elementor-widget-button\" data-id=\"4a3aedd\" data-element_type=\"widget\" data-e-type=\"widget\" data-widget_type=\"button.default\">\n\t\t\t\t<div class=\"elementor-widget-container\">\n\t\t\t\t\t\t\t\t\t<div class=\"elementor-button-wrapper\">\n\t\t\t\t\t<a class=\"elementor-button elementor-button-link elementor-size-sm\" href=\"https:\/\/llumcoworking.officernd.com\/\" target=\"_blank\" rel=\"nofollow\">\n\t\t\t\t\t\t<span class=\"elementor-button-content-wrapper\">\n\t\t\t\t\t\t\t\t\t<span class=\"elementor-button-text\">DOMAINE DES CLIENTS<\/span>\n\t\t\t\t\t<\/span>\n\t\t\t\t\t<\/a>\n\t\t\t\t<\/div>\n\t\t\t\t\t\t\t\t<\/div>\n\t\t\t\t<\/div>\n\t\t\t\t\t<\/div>\n\t\t\t\t<\/div>\n\t\t\t\t<\/div>\n\t\t","protected":false},"excerpt":{"rendered":"<p>Merci pour votre achat ! Si vous avez r\u00e9serv\u00e9 une place flexible, il est important que vous v\u00e9rifiiez votre bo\u00eete de r\u00e9ception (il se peut qu&rsquo;elle soit dans SPAM) car nous vous avons envoy\u00e9 une confirmation de r\u00e9servation et des instructions sur la mani\u00e8re de r\u00e9server votre table avant votre arriv\u00e9e. Si vous avez r\u00e9serv\u00e9 [&hellip;]<\/p>\n","protected":false},"author":1,"featured_media":0,"parent":0,"menu_order":0,"comment_status":"closed","ping_status":"closed","template":"elementor_header_footer","meta":{"footnotes":""},"class_list":["post-10872","page","type-page","status-publish","hentry"],"yoast_head":"<!-- This site is optimized with the Yoast SEO plugin v27.5 - https:\/\/yoast.com\/product\/yoast-seo-wordpress\/ -->\n<title>MERCI - Llum Coworking Valencia<\/title>\n<meta name=\"robots\" content=\"index, follow, max-snippet:-1, max-image-preview:large, max-video-preview:-1\" \/>\n<link rel=\"canonical\" href=\"https:\/\/llumcoworking.com\/fr\/merci\/\" \/>\n<meta property=\"og:locale\" content=\"fr_FR\" \/>\n<meta property=\"og:type\" content=\"article\" \/>\n<meta property=\"og:title\" content=\"MERCI - Llum Coworking Valencia\" \/>\n<meta property=\"og:description\" content=\"Merci pour votre achat ! Si vous avez r\u00e9serv\u00e9 une place flexible, il est important que vous v\u00e9rifiiez votre bo\u00eete de r\u00e9ception (il se peut qu&rsquo;elle soit dans SPAM) car nous vous avons envoy\u00e9 une confirmation de r\u00e9servation et des instructions sur la mani\u00e8re de r\u00e9server votre table avant votre arriv\u00e9e. Si vous avez r\u00e9serv\u00e9 [&hellip;]\" \/>\n<meta property=\"og:url\" content=\"https:\/\/llumcoworking.com\/fr\/merci\/\" \/>\n<meta property=\"og:site_name\" content=\"Llum Coworking Valencia\" \/>\n<meta property=\"article:modified_time\" content=\"2024-04-11T14:05:33+00:00\" \/>\n<meta name=\"twitter:card\" content=\"summary_large_image\" \/>\n<script type=\"application\/ld+json\" class=\"yoast-schema-graph\">{\"@context\":\"https:\\\/\\\/schema.org\",\"@graph\":[{\"@type\":\"WebPage\",\"@id\":\"https:\\\/\\\/llumcoworking.com\\\/fr\\\/merci\\\/\",\"url\":\"https:\\\/\\\/llumcoworking.com\\\/fr\\\/merci\\\/\",\"name\":\"MERCI - Llum Coworking Valencia\",\"isPartOf\":{\"@id\":\"https:\\\/\\\/llumcoworking.com\\\/#website\"},\"datePublished\":\"2024-04-11T12:37:53+00:00\",\"dateModified\":\"2024-04-11T14:05:33+00:00\",\"breadcrumb\":{\"@id\":\"https:\\\/\\\/llumcoworking.com\\\/fr\\\/merci\\\/#breadcrumb\"},\"inLanguage\":\"fr-FR\",\"potentialAction\":[{\"@type\":\"ReadAction\",\"target\":[\"https:\\\/\\\/llumcoworking.com\\\/fr\\\/merci\\\/\"]}]},{\"@type\":\"BreadcrumbList\",\"@id\":\"https:\\\/\\\/llumcoworking.com\\\/fr\\\/merci\\\/#breadcrumb\",\"itemListElement\":[{\"@type\":\"ListItem\",\"position\":1,\"name\":\"Portada\",\"item\":\"https:\\\/\\\/llumcoworking.com\\\/\"},{\"@type\":\"ListItem\",\"position\":2,\"name\":\"MERCI\"}]},{\"@type\":\"WebSite\",\"@id\":\"https:\\\/\\\/llumcoworking.com\\\/#website\",\"url\":\"https:\\\/\\\/llumcoworking.com\\\/\",\"name\":\"Llum Coworking Valencia\",\"description\":\"\",\"potentialAction\":[{\"@type\":\"SearchAction\",\"target\":{\"@type\":\"EntryPoint\",\"urlTemplate\":\"https:\\\/\\\/llumcoworking.com\\\/?s={search_term_string}\"},\"query-input\":{\"@type\":\"PropertyValueSpecification\",\"valueRequired\":true,\"valueName\":\"search_term_string\"}}],\"inLanguage\":\"fr-FR\"}]}<\/script>\n<!-- \/ Yoast SEO plugin. -->","yoast_head_json":{"title":"MERCI - Llum Coworking Valencia","robots":{"index":"index","follow":"follow","max-snippet":"max-snippet:-1","max-image-preview":"max-image-preview:large","max-video-preview":"max-video-preview:-1"},"canonical":"https:\/\/llumcoworking.com\/fr\/merci\/","og_locale":"fr_FR","og_type":"article","og_title":"MERCI - Llum Coworking Valencia","og_description":"Merci pour votre achat ! Si vous avez r\u00e9serv\u00e9 une place flexible, il est important que vous v\u00e9rifiiez votre bo\u00eete de r\u00e9ception (il se peut qu&rsquo;elle soit dans SPAM) car nous vous avons envoy\u00e9 une confirmation de r\u00e9servation et des instructions sur la mani\u00e8re de r\u00e9server votre table avant votre arriv\u00e9e. Si vous avez r\u00e9serv\u00e9 [&hellip;]","og_url":"https:\/\/llumcoworking.com\/fr\/merci\/","og_site_name":"Llum Coworking Valencia","article_modified_time":"2024-04-11T14:05:33+00:00","twitter_card":"summary_large_image","schema":{"@context":"https:\/\/schema.org","@graph":[{"@type":"WebPage","@id":"https:\/\/llumcoworking.com\/fr\/merci\/","url":"https:\/\/llumcoworking.com\/fr\/merci\/","name":"MERCI - Llum Coworking Valencia","isPartOf":{"@id":"https:\/\/llumcoworking.com\/#website"},"datePublished":"2024-04-11T12:37:53+00:00","dateModified":"2024-04-11T14:05:33+00:00","breadcrumb":{"@id":"https:\/\/llumcoworking.com\/fr\/merci\/#breadcrumb"},"inLanguage":"fr-FR","potentialAction":[{"@type":"ReadAction","target":["https:\/\/llumcoworking.com\/fr\/merci\/"]}]},{"@type":"BreadcrumbList","@id":"https:\/\/llumcoworking.com\/fr\/merci\/#breadcrumb","itemListElement":[{"@type":"ListItem","position":1,"name":"Portada","item":"https:\/\/llumcoworking.com\/"},{"@type":"ListItem","position":2,"name":"MERCI"}]},{"@type":"WebSite","@id":"https:\/\/llumcoworking.com\/#website","url":"https:\/\/llumcoworking.com\/","name":"Llum Coworking Valencia","description":"","potentialAction":[{"@type":"SearchAction","target":{"@type":"EntryPoint","urlTemplate":"https:\/\/llumcoworking.com\/?s={search_term_string}"},"query-input":{"@type":"PropertyValueSpecification","valueRequired":true,"valueName":"search_term_string"}}],"inLanguage":"fr-FR"}]}},"_links":{"self":[{"href":"https:\/\/llumcoworking.com\/fr\/wp-json\/wp\/v2\/pages\/10872","targetHints":{"allow":["GET"]}}],"collection":[{"href":"https:\/\/llumcoworking.com\/fr\/wp-json\/wp\/v2\/pages"}],"about":[{"href":"https:\/\/llumcoworking.com\/fr\/wp-json\/wp\/v2\/types\/page"}],"author":[{"embeddable":true,"href":"https:\/\/llumcoworking.com\/fr\/wp-json\/wp\/v2\/users\/1"}],"replies":[{"embeddable":true,"href":"https:\/\/llumcoworking.com\/fr\/wp-json\/wp\/v2\/comments?post=10872"}],"version-history":[{"count":0,"href":"https:\/\/llumcoworking.com\/fr\/wp-json\/wp\/v2\/pages\/10872\/revisions"}],"wp:attachment":[{"href":"https:\/\/llumcoworking.com\/fr\/wp-json\/wp\/v2\/media?parent=10872"}],"curies":[{"name":"wp","href":"https:\/\/api.w.org\/{rel}","templated":true}]}}